{"id":3,"date":"2021-05-20T11:25:06","date_gmt":"2021-05-20T11:25:06","guid":{"rendered":"https:\/\/clinicagatas.com\/?page_id=3"},"modified":"2025-04-30T17:27:57","modified_gmt":"2025-04-30T14:27:57","slug":"privatumo-politika","status":"publish","type":"page","link":"https:\/\/clinicagatas.com\/ru\/privatumo-politika\/","title":{"rendered":"\u041f\u043e\u043b\u0438\u0442\u0438\u043a\u0430 \u043a\u043e\u043d\u0444\u0438\u0434\u0435\u043d\u0446\u0438\u043e\u043d\u0430\u043b\u044c\u043d\u043e\u0441\u0442\u0438"},"content":{"rendered":"<div class=\"fusion-fullwidth fullwidth-box fusion-builder-row-1 fusion-flex-container nonhundred-percent-fullwidth non-hundred-percent-height-scrolling\" style=\"--awb-border-radius-top-left:0px;--awb-border-radius-top-right:0px;--awb-border-radius-bottom-right:0px;--awb-border-radius-bottom-left:0px;--awb-padding-top:0px;--awb-margin-top:0px;--awb-flex-wrap:wrap;\" ><div class=\"fusion-builder-row fusion-row fusion-flex-align-items-flex-start fusion-flex-content-wrap\" style=\"max-width:1216.8px;margin-left: calc(-4% \/ 2 );margin-right: calc(-4% \/ 2 );\"><div class=\"fusion-layout-column fusion_builder_column fusion-builder-column-0 fusion_builder_column_1_1 1_1 fusion-flex-column\" style=\"--awb-bg-blend:overlay;--awb-bg-size:cover;--awb-width-large:100%;--awb-margin-top-large:0px;--awb-spacing-right-large:1.92%;--awb-margin-bottom-large:0px;--awb-spacing-left-large:1.92%;--awb-width-medium:100%;--awb-spacing-right-medium:1.92%;--awb-spacing-left-medium:1.92%;--awb-width-small:100%;--awb-spacing-right-small:1.92%;--awb-spacing-left-small:1.92%;\"><div class=\"fusion-column-wrapper fusion-flex-justify-content-flex-start fusion-content-layout-column\"><div class=\"fusion-text fusion-text-1\" style=\"--awb-content-alignment:left;--awb-text-transform:none;\"><p>&nbsp;<\/p>\n<p><span style=\"font-weight: 400;\">\u00a0Paskutin\u012f kart\u0105 atnaujinta: 2025 m. baland\u017eio 29 d.<\/span><\/p>\n<h3><b>1. Bendrosios nuostatos<\/b><\/h3>\n<p><span style=\"font-weight: 400;\">UAB KLINIKA \u201eAGATAS\u201c (toliau \u2013 Klinika, Duomen\u0173 valdytojas) gerbia ir saugo J\u016bs\u0173 privatum\u0105. \u0160i politika paai\u0161kina, kaip renkame, naudojame, saugome ir tvarkome J\u016bs\u0173 asmens duomenis lankantis m\u016bs\u0173 interneto svetain\u0117je<\/span><a href=\"https:\/\/clinicagatas.com\/ru\/\"> <span style=\"font-weight: 400;\">https:\/\/clinicagatas.com<\/span><\/a><span style=\"font-weight: 400;\">, naudojantis m\u016bs\u0173 paslaugomis ar bendraujant su mumis.<\/span><\/p>\n<p><b>Duomen\u0173 valdytojo rekvizitai<\/b><span style=\"font-weight: 400;\">:<\/span><span style=\"font-weight: 400;\"><br \/><\/span><span style=\"font-weight: 400;\"> Pavadinimas: UAB KLINIKA \u201eAGATAS\u201c<\/span><span style=\"font-weight: 400;\"><br \/><\/span><span style=\"font-weight: 400;\"> Juridinio asmens kodas: 304859884<\/span><span style=\"font-weight: 400;\"><br \/><\/span><span style=\"font-weight: 400;\"> Adresas: Bivyli\u0173 g. 13, Kaunas, LT-47271<\/span><span style=\"font-weight: 400;\"><br \/><\/span><span style=\"font-weight: 400;\"> El. pa\u0161tas: info@clinicagatas.com<\/span><span style=\"font-weight: 400;\"><br \/><\/span><span style=\"font-weight: 400;\"> Tel. +370 (602) 26118<\/span><\/p>\n<h3><b>2. Asmens duomen\u0173 tvarkymo pagrindai ir tikslai<\/b><\/h3>\n<p><span style=\"font-weight: 400;\">Tvarkome J\u016bs\u0173 duomenis:<\/span><\/p>\n<ul>\n<li style=\"font-weight: 400;\" aria-level=\"1\"><span style=\"font-weight: 400;\">paslaug\u0173 teikimo tikslu (pvz. registracijos formai);<\/span><span style=\"font-weight: 400;\">\n<p><\/span><\/li>\n<li style=\"font-weight: 400;\" aria-level=\"1\"><span style=\"font-weight: 400;\">informacijos pateikimo (u\u017eklaus\u0173, skund\u0173) tikslu;<\/span><span style=\"font-weight: 400;\">\n<p><\/span><\/li>\n<li style=\"font-weight: 400;\" aria-level=\"1\"><span style=\"font-weight: 400;\">interneto svetain\u0117s veikimo ir analiz\u0117s tikslu;<\/span><span style=\"font-weight: 400;\">\n<p><\/span><\/li>\n<li style=\"font-weight: 400;\" aria-level=\"1\"><span style=\"font-weight: 400;\">rinkodaros ir socialini\u0173 tinkl\u0173 komunikacijos tikslu.<\/span><span style=\"font-weight: 400;\">\n<p><\/span><\/li>\n<\/ul>\n<p><b>Teisiniai pagrindai<\/b><span style=\"font-weight: 400;\">: BDAR 6 straipsnio 1 dalies a, b ir f punktai.<\/span><\/p>\n<h3><b>3. Slapuk\u0173 naudojimas<\/b><\/h3>\n<p><span style=\"font-weight: 400;\">Naudojame slapukus svetain\u0117s funkcionalumui, analizei ir rinkodarai. Detali\u0105 informacij\u0105 apie slapukus rasite Slapuk\u0173 politikoje bei m\u016bs\u0173 Cookiebot valdiklyje.<\/span><\/p>\n<h3><b>4. Duomen\u0173 perdavimas tre\u010diosioms \u0161alims<\/b><\/h3>\n<p><span style=\"font-weight: 400;\">Duomenys gali b\u016bti perduodami paslaug\u0173 teik\u0117jams (pvz., svetain\u0117s prie\u017ei\u016bra, \u201eGoogle\u201c, \u201eMeta\u201c). Naudojant \u201eGoogle Analytics\u201c, galimi duomen\u0173 perdavimai u\u017e EEE rib\u0173, taikant standartines sutar\u010di\u0173 s\u0105lygas (SCC) pagal BDAR 46 str.<\/span><\/p>\n<h3><b>5. Duomen\u0173 subjekt\u0173 teis\u0117s<\/b><\/h3>\n<p><span style=\"font-weight: 400;\">J\u016bs turite \u0161ias teises:<\/span><\/p>\n<ul>\n<li style=\"font-weight: 400;\" aria-level=\"1\"><span style=\"font-weight: 400;\">teis\u0119 susipa\u017einti su duomenimis (BDAR 15 str.);<\/span><span style=\"font-weight: 400;\">\n<p><\/span><\/li>\n<li style=\"font-weight: 400;\" aria-level=\"1\"><span style=\"font-weight: 400;\">teis\u0119 juos i\u0161taisyti (16 str.);<\/span><span style=\"font-weight: 400;\">\n<p><\/span><\/li>\n<li style=\"font-weight: 400;\" aria-level=\"1\"><span style=\"font-weight: 400;\">i\u0161trinti (17 str.);<\/span><span style=\"font-weight: 400;\">\n<p><\/span><\/li>\n<li style=\"font-weight: 400;\" aria-level=\"1\"><span style=\"font-weight: 400;\">apriboti tvarkym\u0105 (18 str.);<\/span><span style=\"font-weight: 400;\">\n<p><\/span><\/li>\n<li style=\"font-weight: 400;\" aria-level=\"1\"><span style=\"font-weight: 400;\">teis\u0119 nesutikti (21 str.);<\/span><span style=\"font-weight: 400;\">\n<p><\/span><\/li>\n<li style=\"font-weight: 400;\" aria-level=\"1\"><span style=\"font-weight: 400;\">teis\u0119 \u012f duomen\u0173 perk\u0117lim\u0105 (20 str.).<\/span><span style=\"font-weight: 400;\">\n<p><\/span><\/li>\n<\/ul>\n<h3><b>6. Duomen\u0173 saugojimo terminai<\/b><\/h3>\n<p><span style=\"font-weight: 400;\">Duomenis saugome tiek, kiek reikia nustatytiems tikslams pasiekti, nebent \u012fstatymai nustato ilgesn\u012f laikotarp\u012f.<\/span><\/p>\n<h3><b>7. Duomen\u0173 apsauga<\/b><\/h3>\n<p><span style=\"font-weight: 400;\">\u012egyvendiname atitinkamas technines ir organizacines saugumo priemones, kad apsaugotume J\u016bs\u0173 duomenis nuo neteis\u0117to tvarkymo.<\/span><\/p>\n<h3><b>8. Skundai<\/b><\/h3>\n<p><span style=\"font-weight: 400;\">Jei manote, kad tvarkome J\u016bs\u0173 duomenis neteis\u0117tai, turite teis\u0119 kreiptis \u012f Valstybin\u0119 duomen\u0173 apsaugos inspekcij\u0105:<\/span><a href=\"https:\/\/vdai.lrv.lt\"> <span style=\"font-weight: 400;\">https:\/\/vdai.lrv.lt<\/span><\/a><\/p>\n<div class=\"table-1\">\n<\/div>\n<\/div><\/div><\/div><\/div><\/div><!-- \/wp:post-content -->","protected":false},"excerpt":{"rendered":"","protected":false},"author":13,"featured_media":0,"parent":0,"menu_order":0,"comment_status":"closed","ping_status":"open","template":"","meta":{"_acf_changed":false,"footnotes":""},"class_list":["post-3","page","type-page","status-publish","hentry"],"acf":[],"yoast_head":"<!-- This site is optimized with the Yoast SEO plugin v27.4 - https:\/\/yoast.com\/product\/yoast-seo-wordpress\/ -->\n<title>Privatumo politika | clinicagatas.com<\/title>\n<meta name=\"description\" content=\"Su\u017einokite, kaip saugome j\u016bs\u0173 asmens duomenis\" \/>\n<meta name=\"robots\" content=\"index, follow, max-snippet:-1, max-image-preview:large, max-video-preview:-1\" \/>\n<link rel=\"canonical\" href=\"https:\/\/clinicagatas.com\/ru\/privatumo-politika\/\" \/>\n<meta property=\"og:locale\" content=\"ru_RU\" \/>\n<meta property=\"og:type\" content=\"article\" \/>\n<meta property=\"og:title\" content=\"Privatumo politika | clinicagatas.com\" \/>\n<meta property=\"og:description\" content=\"Su\u017einokite, kaip saugome j\u016bs\u0173 asmens duomenis\" \/>\n<meta property=\"og:url\" content=\"https:\/\/clinicagatas.com\/ru\/privatumo-politika\/\" \/>\n<meta property=\"og:site_name\" content=\"clinicagatas.com\" \/>\n<meta property=\"article:publisher\" content=\"https:\/\/www.facebook.com\/clinicagatas\" \/>\n<meta property=\"article:modified_time\" content=\"2025-04-30T14:27:57+00:00\" \/>\n<meta property=\"og:image\" content=\"https:\/\/clinicagatas.com\/wp-content\/uploads\/2021\/12\/social-cover.jpg\" \/>\n\t<meta property=\"og:image:width\" content=\"1200\" \/>\n\t<meta property=\"og:image:height\" content=\"627\" \/>\n\t<meta property=\"og:image:type\" content=\"image\/jpeg\" \/>\n<meta name=\"twitter:card\" content=\"summary_large_image\" \/>\n<meta name=\"twitter:label1\" content=\"\u041f\u0440\u0438\u043c\u0435\u0440\u043d\u043e\u0435 \u0432\u0440\u0435\u043c\u044f \u0434\u043b\u044f \u0447\u0442\u0435\u043d\u0438\u044f\" \/>\n\t<meta name=\"twitter:data1\" content=\"3 \u043c\u0438\u043d\u0443\u0442\u044b\" \/>\n<script type=\"application\/ld+json\" class=\"yoast-schema-graph\">{\"@context\":\"https:\\\/\\\/schema.org\",\"@graph\":[{\"@type\":\"WebPage\",\"@id\":\"https:\\\/\\\/clinicagatas.com\\\/privatumo-politika\\\/\",\"url\":\"https:\\\/\\\/clinicagatas.com\\\/privatumo-politika\\\/\",\"name\":\"Privatumo politika | clinicagatas.com\",\"isPartOf\":{\"@id\":\"https:\\\/\\\/clinicagatas.com\\\/#website\"},\"datePublished\":\"2021-05-20T11:25:06+00:00\",\"dateModified\":\"2025-04-30T14:27:57+00:00\",\"description\":\"Su\u017einokite, kaip saugome j\u016bs\u0173 asmens duomenis\",\"breadcrumb\":{\"@id\":\"https:\\\/\\\/clinicagatas.com\\\/privatumo-politika\\\/#breadcrumb\"},\"inLanguage\":\"ru-RU\",\"potentialAction\":[{\"@type\":\"ReadAction\",\"target\":[\"https:\\\/\\\/clinicagatas.com\\\/privatumo-politika\\\/\"]}]},{\"@type\":\"BreadcrumbList\",\"@id\":\"https:\\\/\\\/clinicagatas.com\\\/privatumo-politika\\\/#breadcrumb\",\"itemListElement\":[{\"@type\":\"ListItem\",\"position\":1,\"name\":\"Home\",\"item\":\"https:\\\/\\\/clinicagatas.com\\\/\"},{\"@type\":\"ListItem\",\"position\":2,\"name\":\"Privatumo politika\"}]},{\"@type\":\"WebSite\",\"@id\":\"https:\\\/\\\/clinicagatas.com\\\/#website\",\"url\":\"https:\\\/\\\/clinicagatas.com\\\/\",\"name\":\"clinicagatas.com\",\"description\":\"Skausmo gydymas ir stuburo chirurgija\",\"publisher\":{\"@id\":\"https:\\\/\\\/clinicagatas.com\\\/#organization\"},\"potentialAction\":[{\"@type\":\"SearchAction\",\"target\":{\"@type\":\"EntryPoint\",\"urlTemplate\":\"https:\\\/\\\/clinicagatas.com\\\/?s={search_term_string}\"},\"query-input\":{\"@type\":\"PropertyValueSpecification\",\"valueRequired\":true,\"valueName\":\"search_term_string\"}}],\"inLanguage\":\"ru-RU\"},{\"@type\":\"Organization\",\"@id\":\"https:\\\/\\\/clinicagatas.com\\\/#organization\",\"name\":\"Clinic AGATAS\",\"url\":\"https:\\\/\\\/clinicagatas.com\\\/\",\"logo\":{\"@type\":\"ImageObject\",\"inLanguage\":\"ru-RU\",\"@id\":\"https:\\\/\\\/clinicagatas.com\\\/#\\\/schema\\\/logo\\\/image\\\/\",\"url\":\"https:\\\/\\\/clinicagatas.com\\\/wp-content\\\/uploads\\\/2024\\\/11\\\/logo-symbol.png\",\"contentUrl\":\"https:\\\/\\\/clinicagatas.com\\\/wp-content\\\/uploads\\\/2024\\\/11\\\/logo-symbol.png\",\"width\":368,\"height\":368,\"caption\":\"Clinic AGATAS\"},\"image\":{\"@id\":\"https:\\\/\\\/clinicagatas.com\\\/#\\\/schema\\\/logo\\\/image\\\/\"},\"sameAs\":[\"https:\\\/\\\/www.facebook.com\\\/clinicagatas\",\"https:\\\/\\\/www.instagram.com\\\/clinicagatas\\\/\",\"https:\\\/\\\/www.linkedin.com\\\/company\\\/clinic-agatas\\\/\"]}]}<\/script>\n<!-- \/ Yoast SEO plugin. -->","yoast_head_json":{"title":"Privatumo politika | clinicagatas.com","description":"Su\u017einokite, kaip saugome j\u016bs\u0173 asmens duomenis","robots":{"index":"index","follow":"follow","max-snippet":"max-snippet:-1","max-image-preview":"max-image-preview:large","max-video-preview":"max-video-preview:-1"},"canonical":"https:\/\/clinicagatas.com\/ru\/privatumo-politika\/","og_locale":"ru_RU","og_type":"article","og_title":"Privatumo politika | clinicagatas.com","og_description":"Su\u017einokite, kaip saugome j\u016bs\u0173 asmens duomenis","og_url":"https:\/\/clinicagatas.com\/ru\/privatumo-politika\/","og_site_name":"clinicagatas.com","article_publisher":"https:\/\/www.facebook.com\/clinicagatas","article_modified_time":"2025-04-30T14:27:57+00:00","og_image":[{"width":1200,"height":627,"url":"https:\/\/clinicagatas.com\/wp-content\/uploads\/2021\/12\/social-cover.jpg","type":"image\/jpeg"}],"twitter_card":"summary_large_image","twitter_misc":{"\u041f\u0440\u0438\u043c\u0435\u0440\u043d\u043e\u0435 \u0432\u0440\u0435\u043c\u044f \u0434\u043b\u044f \u0447\u0442\u0435\u043d\u0438\u044f":"3 \u043c\u0438\u043d\u0443\u0442\u044b"},"schema":{"@context":"https:\/\/schema.org","@graph":[{"@type":"WebPage","@id":"https:\/\/clinicagatas.com\/privatumo-politika\/","url":"https:\/\/clinicagatas.com\/privatumo-politika\/","name":"Privatumo politika | clinicagatas.com","isPartOf":{"@id":"https:\/\/clinicagatas.com\/#website"},"datePublished":"2021-05-20T11:25:06+00:00","dateModified":"2025-04-30T14:27:57+00:00","description":"Su\u017einokite, kaip saugome j\u016bs\u0173 asmens duomenis","breadcrumb":{"@id":"https:\/\/clinicagatas.com\/privatumo-politika\/#breadcrumb"},"inLanguage":"ru-RU","potentialAction":[{"@type":"ReadAction","target":["https:\/\/clinicagatas.com\/privatumo-politika\/"]}]},{"@type":"BreadcrumbList","@id":"https:\/\/clinicagatas.com\/privatumo-politika\/#breadcrumb","itemListElement":[{"@type":"ListItem","position":1,"name":"Home","item":"https:\/\/clinicagatas.com\/"},{"@type":"ListItem","position":2,"name":"Privatumo politika"}]},{"@type":"WebSite","@id":"https:\/\/clinicagatas.com\/#website","url":"https:\/\/clinicagatas.com\/","name":"clinicagatas.com","description":"\u041b\u0435\u0447\u0435\u043d\u0438\u0435 \u0431\u043e\u043b\u0438 \u0438 \u0445\u0438\u0440\u0443\u0440\u0433\u0438\u044f \u043f\u043e\u0437\u0432\u043e\u043d\u043e\u0447\u043d\u0438\u043a\u0430","publisher":{"@id":"https:\/\/clinicagatas.com\/#organization"},"potentialAction":[{"@type":"SearchAction","target":{"@type":"EntryPoint","urlTemplate":"https:\/\/clinicagatas.com\/?s={search_term_string}"},"query-input":{"@type":"PropertyValueSpecification","valueRequired":true,"valueName":"search_term_string"}}],"inLanguage":"ru-RU"},{"@type":"Organization","@id":"https:\/\/clinicagatas.com\/#organization","name":"\u0412 \u043a\u043b\u0438\u043d\u0438\u043a\u0435 Clini\u0441 AGATAS","url":"https:\/\/clinicagatas.com\/","logo":{"@type":"ImageObject","inLanguage":"ru-RU","@id":"https:\/\/clinicagatas.com\/#\/schema\/logo\/image\/","url":"https:\/\/clinicagatas.com\/wp-content\/uploads\/2024\/11\/logo-symbol.png","contentUrl":"https:\/\/clinicagatas.com\/wp-content\/uploads\/2024\/11\/logo-symbol.png","width":368,"height":368,"caption":"Clinic AGATAS"},"image":{"@id":"https:\/\/clinicagatas.com\/#\/schema\/logo\/image\/"},"sameAs":["https:\/\/www.facebook.com\/clinicagatas","https:\/\/www.instagram.com\/clinicagatas\/","https:\/\/www.linkedin.com\/company\/clinic-agatas\/"]}]}},"_links":{"self":[{"href":"https:\/\/clinicagatas.com\/ru\/wp-json\/wp\/v2\/pages\/3","targetHints":{"allow":["GET"]}}],"collection":[{"href":"https:\/\/clinicagatas.com\/ru\/wp-json\/wp\/v2\/pages"}],"about":[{"href":"https:\/\/clinicagatas.com\/ru\/wp-json\/wp\/v2\/types\/page"}],"author":[{"embeddable":true,"href":"https:\/\/clinicagatas.com\/ru\/wp-json\/wp\/v2\/users\/13"}],"replies":[{"embeddable":true,"href":"https:\/\/clinicagatas.com\/ru\/wp-json\/wp\/v2\/comments?post=3"}],"version-history":[{"count":9,"href":"https:\/\/clinicagatas.com\/ru\/wp-json\/wp\/v2\/pages\/3\/revisions"}],"predecessor-version":[{"id":22406,"href":"https:\/\/clinicagatas.com\/ru\/wp-json\/wp\/v2\/pages\/3\/revisions\/22406"}],"wp:attachment":[{"href":"https:\/\/clinicagatas.com\/ru\/wp-json\/wp\/v2\/media?parent=3"}],"curies":[{"name":"wp","href":"https:\/\/api.w.org\/{rel}","templated":true}]}}