{"id":22026,"date":"2024-11-20T14:28:54","date_gmt":"2024-11-20T12:28:54","guid":{"rendered":"https:\/\/clinicagatas.com\/?page_id=22026"},"modified":"2025-12-22T12:06:13","modified_gmt":"2025-12-22T10:06:13","slug":"dovanu-kuponai","status":"publish","type":"page","link":"https:\/\/clinicagatas.com\/ru\/dovanu-kuponai\/","title":{"rendered":"Dovan\u0173 kuponai"},"content":{"rendered":"<div class=\"fusion-fullwidth fullwidth-box fusion-builder-row-1 fusion-flex-container has-pattern-background has-mask-background nonhundred-percent-fullwidth non-hundred-percent-height-scrolling\" style=\"--awb-border-radius-top-left:0px;--awb-border-radius-top-right:0px;--awb-border-radius-bottom-right:0px;--awb-border-radius-bottom-left:0px;--awb-flex-wrap:wrap;\" ><div class=\"fusion-builder-row fusion-row fusion-flex-align-items-flex-start fusion-flex-content-wrap\" style=\"max-width:1216.8px;margin-left: calc(-4% \/ 2 );margin-right: calc(-4% \/ 2 );\"><div class=\"fusion-layout-column fusion_builder_column fusion-builder-column-0 fusion_builder_column_1_2 1_2 fusion-flex-column\" style=\"--awb-bg-size:cover;--awb-width-large:50%;--awb-margin-top-large:0px;--awb-spacing-right-large:3.84%;--awb-margin-bottom-large:0px;--awb-spacing-left-large:3.84%;--awb-width-medium:100%;--awb-order-medium:0;--awb-spacing-right-medium:1.92%;--awb-spacing-left-medium:1.92%;--awb-width-small:100%;--awb-order-small:0;--awb-spacing-right-small:1.92%;--awb-spacing-left-small:1.92%;\"><div class=\"fusion-column-wrapper fusion-column-has-shadow fusion-flex-justify-content-flex-start fusion-content-layout-column\"><div class=\"fusion-content-boxes content-boxes columns row fusion-columns-1 fusion-columns-total-1 fusion-content-boxes-1 content-boxes-icon-with-title content-left\" style=\"--awb-hover-accent-color:#65d19d;--awb-circle-hover-accent-color:transparent;--awb-item-margin-bottom:40px;\" data-animationoffset=\"top-into-view\"><div style=\"--awb-backgroundcolor:rgba(255,255,255,0);\" class=\"fusion-column content-box-column content-box-column content-box-column-1 col-lg-12 col-md-12 col-sm-12 fusion-content-box-hover content-box-column-last content-box-column-last-in-row\"><div class=\"col content-box-wrapper content-wrapper link-area-box content-icon-wrapper-yes icon-hover-animation-none\" data-animationoffset=\"top-into-view\"><div class=\"heading icon-left\"><p class=\"content-box-heading fusion-responsive-typography-calculated\" style=\"--body_typography-font-size:22px;--fontSize:22;line-height:1.55;\">Padovanok r\u016bpest\u012f artimiesiems \u2013 \u012fsigyk Clinic Agatas dovan\u0173 kupon\u0105!<\/p><\/div><div class=\"fusion-clearfix\"><\/div><div class=\"content-container\">\n<h3><span style=\"color: #000000;\"><strong>Kaip veikia kupono pirkimas?<\/strong><\/span><\/h3>\n<ol>\n<li>Pasirinkite norim\u0105 sum\u0105:\u00a0<span style=\"color: #000000;\"><strong>50 \u20ac, 100 \u20ac, 150 \u20ac, 200 \u20ac.<\/strong><\/span><\/li>\n<li>Atlikite mok\u0117jim\u0105 pagal nurodytus rekvizitus (\u017er. apa\u010dioje).<\/li>\n<li>Mok\u0117jimo kopij\u0105 prid\u0117kite el. lai\u0161ke, nurodydami \u0161i\u0105 informacij\u0105:\n<ul>\n<li>Lai\u0161ko tema: Dovan\u0173 kuponas.<\/li>\n<li>Nurodykite gav\u0117jo vard\u0105.<\/li>\n<li>Nurodykite, kas dovanoja kupon\u0105.<\/li>\n<li>Nurodykite savo arba gav\u0117jo el. pa\u0161to adres\u0105 (jei reikia pristatyti tiesiogiai).<\/li>\n<\/ul>\n<\/li>\n<li>Si\u0173skite informacij\u0105 el. pa\u0161tu:\u00a0<b><a href=\"mailto:registratura@clinicagatas.com\" target=\"_blank\" rel=\"noreferrer noopener\">registratura@clinicagatas.com<\/a><\/b><\/li>\n<li>Gav\u0119 informacij\u0105, paruo\u0161ime ir atsi\u0173sime jums suasmenint\u0105 dovan\u0173 kupon\u0105 el. pa\u0161tu per 1-2 d.d.<\/li>\n<\/ol>\n<p><span style=\"color: #000000;\"><strong>Rekvizitai mok\u0117jimui:<\/strong><\/span><\/p>\n<ul>\n<li>\u012emon\u0117:\u00a0<span style=\"color: #000000;\"><strong>UAB klinika \u201eAgatas\u201d<\/strong><\/span><\/li>\n<li>\u012emon\u0117s kodas:\u00a0<span style=\"color: #000000;\"><strong>304859884<\/strong><\/span><\/li>\n<li>Adresas:\u00a0<span style=\"color: #000000;\"><strong>Bivyli\u0173 g. 13, LT-47271 Kaunas<\/strong><\/span><\/li>\n<li>S\u0105skaita:\u00a0<span style=\"color: #000000;\"><strong>LT377300010155603977<\/strong><\/span><\/li>\n<li>Bankas:\u00a0<span style=\"color: #000000;\"><strong>Swedbank<\/strong><\/span><\/li>\n<li>Tel. nr.:\u00a0<span style=\"color: #000000;\"><strong>+370 602 26118<\/strong><\/span><\/li>\n<\/ul>\n<p><span style=\"color: #000000;\"><strong>Svarbi informacija:<\/strong><\/span><\/p>\n<ul>\n<li>Kuponas galioja\u00a0<span style=\"color: #000000;\"><strong>6 m\u0117nesius<\/strong>\u00a0<\/span>nuo pirkimo datos.<\/li>\n<\/ul>\n<\/div><\/div><\/div><div class=\"fusion-clearfix\"><\/div><\/div><\/div><\/div><div class=\"fusion-layout-column fusion_builder_column fusion-builder-column-1 fusion_builder_column_1_2 1_2 fusion-flex-column\" style=\"--awb-bg-size:cover;--awb-width-large:50%;--awb-margin-top-large:0px;--awb-spacing-right-large:3.84%;--awb-margin-bottom-large:0px;--awb-spacing-left-large:3.84%;--awb-width-medium:100%;--awb-order-medium:0;--awb-spacing-right-medium:1.92%;--awb-spacing-left-medium:1.92%;--awb-width-small:100%;--awb-order-small:0;--awb-spacing-right-small:1.92%;--awb-spacing-left-small:1.92%;\"><div class=\"fusion-column-wrapper fusion-column-has-shadow fusion-flex-justify-content-flex-start fusion-content-layout-column\"><div class=\"elegant-image elegant-image-0 elegant-align-left\"><div class=\"elegant-image-wrapper\"><img decoding=\"async\" src=\"https:\/\/clinicagatas.com\/wp-content\/uploads\/2025\/12\/Dovanu-kuponas-Elektroninis-NAUJAS.pdf.jpg\" alt=\"\" style=\"width:300px;\"\/><\/div><div class=\"elegant-image-blur-shadow\"><img decoding=\"async\" src=\"https:\/\/clinicagatas.com\/wp-content\/uploads\/2025\/12\/Dovanu-kuponas-Elektroninis-NAUJAS.pdf.jpg\" alt=\"\" style=\"width:300px;\"\/><\/div><style type=\"text\/css\">.elegant-image-0 img {\n\t\t\t\t\tborder-radius: 80px !important;\n\t\t\t\t}<\/style><\/div><\/div><\/div><\/div><\/div>","protected":false},"excerpt":{"rendered":"","protected":false},"author":16,"featured_media":0,"parent":0,"menu_order":0,"comment_status":"closed","ping_status":"closed","template":"","meta":{"_acf_changed":false,"footnotes":""},"class_list":["post-22026","page","type-page","status-publish","hentry"],"acf":[],"yoast_head":"<!-- This site is optimized with the Yoast SEO plugin v27.4 - https:\/\/yoast.com\/product\/yoast-seo-wordpress\/ -->\n<title>Dovan\u0173 kuponai | clinicagatas.com<\/title>\n<meta name=\"robots\" content=\"index, follow, max-snippet:-1, max-image-preview:large, max-video-preview:-1\" \/>\n<link rel=\"canonical\" href=\"https:\/\/clinicagatas.com\/ru\/dovanu-kuponai\/\" \/>\n<meta property=\"og:locale\" content=\"ru_RU\" \/>\n<meta property=\"og:type\" content=\"article\" \/>\n<meta property=\"og:title\" content=\"Dovan\u0173 kuponai | clinicagatas.com\" \/>\n<meta property=\"og:url\" content=\"https:\/\/clinicagatas.com\/ru\/dovanu-kuponai\/\" \/>\n<meta property=\"og:site_name\" content=\"clinicagatas.com\" \/>\n<meta property=\"article:publisher\" content=\"https:\/\/www.facebook.com\/clinicagatas\" \/>\n<meta property=\"article:modified_time\" content=\"2025-12-22T10:06:13+00:00\" \/>\n<meta property=\"og:image\" content=\"https:\/\/clinicagatas.com\/wp-content\/uploads\/2021\/12\/social-cover.jpg\" \/>\n\t<meta property=\"og:image:width\" content=\"1200\" \/>\n\t<meta property=\"og:image:height\" content=\"627\" \/>\n\t<meta property=\"og:image:type\" content=\"image\/jpeg\" \/>\n<meta name=\"twitter:card\" content=\"summary_large_image\" \/>\n<meta name=\"twitter:label1\" content=\"\u041f\u0440\u0438\u043c\u0435\u0440\u043d\u043e\u0435 \u0432\u0440\u0435\u043c\u044f \u0434\u043b\u044f \u0447\u0442\u0435\u043d\u0438\u044f\" \/>\n\t<meta name=\"twitter:data1\" content=\"9 \u043c\u0438\u043d\u0443\u0442\" \/>\n<script type=\"application\/ld+json\" class=\"yoast-schema-graph\">{\"@context\":\"https:\\\/\\\/schema.org\",\"@graph\":[{\"@type\":\"WebPage\",\"@id\":\"https:\\\/\\\/clinicagatas.com\\\/dovanu-kuponai\\\/\",\"url\":\"https:\\\/\\\/clinicagatas.com\\\/dovanu-kuponai\\\/\",\"name\":\"Dovan\u0173 kuponai | clinicagatas.com\",\"isPartOf\":{\"@id\":\"https:\\\/\\\/clinicagatas.com\\\/#website\"},\"datePublished\":\"2024-11-20T12:28:54+00:00\",\"dateModified\":\"2025-12-22T10:06:13+00:00\",\"breadcrumb\":{\"@id\":\"https:\\\/\\\/clinicagatas.com\\\/dovanu-kuponai\\\/#breadcrumb\"},\"inLanguage\":\"ru-RU\",\"potentialAction\":[{\"@type\":\"ReadAction\",\"target\":[\"https:\\\/\\\/clinicagatas.com\\\/dovanu-kuponai\\\/\"]}]},{\"@type\":\"BreadcrumbList\",\"@id\":\"https:\\\/\\\/clinicagatas.com\\\/dovanu-kuponai\\\/#breadcrumb\",\"itemListElement\":[{\"@type\":\"ListItem\",\"position\":1,\"name\":\"Home\",\"item\":\"https:\\\/\\\/clinicagatas.com\\\/\"},{\"@type\":\"ListItem\",\"position\":2,\"name\":\"Dovan\u0173 kuponai\"}]},{\"@type\":\"WebSite\",\"@id\":\"https:\\\/\\\/clinicagatas.com\\\/#website\",\"url\":\"https:\\\/\\\/clinicagatas.com\\\/\",\"name\":\"clinicagatas.com\",\"description\":\"Skausmo gydymas ir stuburo chirurgija\",\"publisher\":{\"@id\":\"https:\\\/\\\/clinicagatas.com\\\/#organization\"},\"potentialAction\":[{\"@type\":\"SearchAction\",\"target\":{\"@type\":\"EntryPoint\",\"urlTemplate\":\"https:\\\/\\\/clinicagatas.com\\\/?s={search_term_string}\"},\"query-input\":{\"@type\":\"PropertyValueSpecification\",\"valueRequired\":true,\"valueName\":\"search_term_string\"}}],\"inLanguage\":\"ru-RU\"},{\"@type\":\"Organization\",\"@id\":\"https:\\\/\\\/clinicagatas.com\\\/#organization\",\"name\":\"Clinic AGATAS\",\"url\":\"https:\\\/\\\/clinicagatas.com\\\/\",\"logo\":{\"@type\":\"ImageObject\",\"inLanguage\":\"ru-RU\",\"@id\":\"https:\\\/\\\/clinicagatas.com\\\/#\\\/schema\\\/logo\\\/image\\\/\",\"url\":\"https:\\\/\\\/clinicagatas.com\\\/wp-content\\\/uploads\\\/2024\\\/11\\\/logo-symbol.png\",\"contentUrl\":\"https:\\\/\\\/clinicagatas.com\\\/wp-content\\\/uploads\\\/2024\\\/11\\\/logo-symbol.png\",\"width\":368,\"height\":368,\"caption\":\"Clinic AGATAS\"},\"image\":{\"@id\":\"https:\\\/\\\/clinicagatas.com\\\/#\\\/schema\\\/logo\\\/image\\\/\"},\"sameAs\":[\"https:\\\/\\\/www.facebook.com\\\/clinicagatas\",\"https:\\\/\\\/www.instagram.com\\\/clinicagatas\\\/\",\"https:\\\/\\\/www.linkedin.com\\\/company\\\/clinic-agatas\\\/\"]}]}<\/script>\n<!-- \/ Yoast SEO plugin. -->","yoast_head_json":{"title":"Dovan\u0173 kuponai | clinicagatas.com","robots":{"index":"index","follow":"follow","max-snippet":"max-snippet:-1","max-image-preview":"max-image-preview:large","max-video-preview":"max-video-preview:-1"},"canonical":"https:\/\/clinicagatas.com\/ru\/dovanu-kuponai\/","og_locale":"ru_RU","og_type":"article","og_title":"Dovan\u0173 kuponai | clinicagatas.com","og_url":"https:\/\/clinicagatas.com\/ru\/dovanu-kuponai\/","og_site_name":"clinicagatas.com","article_publisher":"https:\/\/www.facebook.com\/clinicagatas","article_modified_time":"2025-12-22T10:06:13+00:00","og_image":[{"width":1200,"height":627,"url":"https:\/\/clinicagatas.com\/wp-content\/uploads\/2021\/12\/social-cover.jpg","type":"image\/jpeg"}],"twitter_card":"summary_large_image","twitter_misc":{"\u041f\u0440\u0438\u043c\u0435\u0440\u043d\u043e\u0435 \u0432\u0440\u0435\u043c\u044f \u0434\u043b\u044f \u0447\u0442\u0435\u043d\u0438\u044f":"9 \u043c\u0438\u043d\u0443\u0442"},"schema":{"@context":"https:\/\/schema.org","@graph":[{"@type":"WebPage","@id":"https:\/\/clinicagatas.com\/dovanu-kuponai\/","url":"https:\/\/clinicagatas.com\/dovanu-kuponai\/","name":"Dovan\u0173 kuponai | clinicagatas.com","isPartOf":{"@id":"https:\/\/clinicagatas.com\/#website"},"datePublished":"2024-11-20T12:28:54+00:00","dateModified":"2025-12-22T10:06:13+00:00","breadcrumb":{"@id":"https:\/\/clinicagatas.com\/dovanu-kuponai\/#breadcrumb"},"inLanguage":"ru-RU","potentialAction":[{"@type":"ReadAction","target":["https:\/\/clinicagatas.com\/dovanu-kuponai\/"]}]},{"@type":"BreadcrumbList","@id":"https:\/\/clinicagatas.com\/dovanu-kuponai\/#breadcrumb","itemListElement":[{"@type":"ListItem","position":1,"name":"Home","item":"https:\/\/clinicagatas.com\/"},{"@type":"ListItem","position":2,"name":"Dovan\u0173 kuponai"}]},{"@type":"WebSite","@id":"https:\/\/clinicagatas.com\/#website","url":"https:\/\/clinicagatas.com\/","name":"clinicagatas.com","description":"\u041b\u0435\u0447\u0435\u043d\u0438\u0435 \u0431\u043e\u043b\u0438 \u0438 \u0445\u0438\u0440\u0443\u0440\u0433\u0438\u044f \u043f\u043e\u0437\u0432\u043e\u043d\u043e\u0447\u043d\u0438\u043a\u0430","publisher":{"@id":"https:\/\/clinicagatas.com\/#organization"},"potentialAction":[{"@type":"SearchAction","target":{"@type":"EntryPoint","urlTemplate":"https:\/\/clinicagatas.com\/?s={search_term_string}"},"query-input":{"@type":"PropertyValueSpecification","valueRequired":true,"valueName":"search_term_string"}}],"inLanguage":"ru-RU"},{"@type":"Organization","@id":"https:\/\/clinicagatas.com\/#organization","name":"\u0412 \u043a\u043b\u0438\u043d\u0438\u043a\u0435 Clini\u0441 AGATAS","url":"https:\/\/clinicagatas.com\/","logo":{"@type":"ImageObject","inLanguage":"ru-RU","@id":"https:\/\/clinicagatas.com\/#\/schema\/logo\/image\/","url":"https:\/\/clinicagatas.com\/wp-content\/uploads\/2024\/11\/logo-symbol.png","contentUrl":"https:\/\/clinicagatas.com\/wp-content\/uploads\/2024\/11\/logo-symbol.png","width":368,"height":368,"caption":"Clinic AGATAS"},"image":{"@id":"https:\/\/clinicagatas.com\/#\/schema\/logo\/image\/"},"sameAs":["https:\/\/www.facebook.com\/clinicagatas","https:\/\/www.instagram.com\/clinicagatas\/","https:\/\/www.linkedin.com\/company\/clinic-agatas\/"]}]}},"_links":{"self":[{"href":"https:\/\/clinicagatas.com\/ru\/wp-json\/wp\/v2\/pages\/22026","targetHints":{"allow":["GET"]}}],"collection":[{"href":"https:\/\/clinicagatas.com\/ru\/wp-json\/wp\/v2\/pages"}],"about":[{"href":"https:\/\/clinicagatas.com\/ru\/wp-json\/wp\/v2\/types\/page"}],"author":[{"embeddable":true,"href":"https:\/\/clinicagatas.com\/ru\/wp-json\/wp\/v2\/users\/16"}],"replies":[{"embeddable":true,"href":"https:\/\/clinicagatas.com\/ru\/wp-json\/wp\/v2\/comments?post=22026"}],"version-history":[{"count":14,"href":"https:\/\/clinicagatas.com\/ru\/wp-json\/wp\/v2\/pages\/22026\/revisions"}],"predecessor-version":[{"id":22775,"href":"https:\/\/clinicagatas.com\/ru\/wp-json\/wp\/v2\/pages\/22026\/revisions\/22775"}],"wp:attachment":[{"href":"https:\/\/clinicagatas.com\/ru\/wp-json\/wp\/v2\/media?parent=22026"}],"curies":[{"name":"wp","href":"https:\/\/api.w.org\/{rel}","templated":true}]}}