{"id":22404,"date":"2025-04-30T17:26:43","date_gmt":"2025-04-30T14:26:43","guid":{"rendered":"https:\/\/clinicagatas.com\/?page_id=22404"},"modified":"2025-04-30T17:26:43","modified_gmt":"2025-04-30T14:26:43","slug":"slapuku-politika","status":"publish","type":"page","link":"https:\/\/clinicagatas.com\/en\/slapuku-politika\/","title":{"rendered":"Slapuk\u0173 politika"},"content":{"rendered":"<div class=\"fusion-fullwidth fullwidth-box fusion-builder-row-1 fusion-flex-container nonhundred-percent-fullwidth non-hundred-percent-height-scrolling\" style=\"--awb-border-radius-top-left:0px;--awb-border-radius-top-right:0px;--awb-border-radius-bottom-right:0px;--awb-border-radius-bottom-left:0px;--awb-padding-top:0px;--awb-margin-top:0px;--awb-flex-wrap:wrap;\" ><div class=\"fusion-builder-row fusion-row fusion-flex-align-items-flex-start fusion-flex-content-wrap\" style=\"max-width:1216.8px;margin-left: calc(-4% \/ 2 );margin-right: calc(-4% \/ 2 );\"><div class=\"fusion-layout-column fusion_builder_column fusion-builder-column-0 fusion_builder_column_1_1 1_1 fusion-flex-column\" style=\"--awb-bg-blend:overlay;--awb-bg-size:cover;--awb-width-large:100%;--awb-margin-top-large:0px;--awb-spacing-right-large:1.92%;--awb-margin-bottom-large:0px;--awb-spacing-left-large:1.92%;--awb-width-medium:100%;--awb-spacing-right-medium:1.92%;--awb-spacing-left-medium:1.92%;--awb-width-small:100%;--awb-spacing-right-small:1.92%;--awb-spacing-left-small:1.92%;\"><div class=\"fusion-column-wrapper fusion-flex-justify-content-flex-start fusion-content-layout-column\"><div class=\"fusion-text fusion-text-1\" style=\"--awb-content-alignment:left;--awb-text-transform:none;\"><p>Paskutin\u012f kart\u0105 atnaujinta: 2025 m. baland\u017eio 29 d.<\/p>\n<h3><b>1. Kas yra slapukai?<\/b><\/h3>\n<p><span style=\"font-weight: 400;\">Slapukai \u2013 tai ma\u017eos teksto rinkmenos, kurias svetain\u0117 \u012fra\u0161o J\u016bs\u0173 \u012frenginyje nar\u0161ymo metu. Jie padeda u\u017etikrinti svetain\u0117s veikim\u0105, analizuoti lankytoj\u0173 elgsen\u0105 ar rodyti pritaikytus skelbimus.<\/span><\/p>\n<h3><b>2. Kokius slapukus naudojame?<\/b><\/h3>\n<p><span style=\"font-weight: 400;\">M\u016bs\u0173 svetain\u0117 naudoja Cookiebot sprendim\u0105, kuris automati\u0161kai klasifikuoja slapukus \u012f \u0161ias kategorijas:<\/span><\/p>\n<ul>\n<li style=\"font-weight: 400;\" aria-level=\"1\"><b>B\u016btini<\/b><span style=\"font-weight: 400;\"> \u2013 u\u017etikrina svetain\u0117s veikim\u0105;<\/span><span style=\"font-weight: 400;\">\n<p><\/span><\/li>\n<li style=\"font-weight: 400;\" aria-level=\"1\"><b>Nuostat\u0173<\/b><span style=\"font-weight: 400;\"> \u2013 saugo vartotojo pasirinktus nustatymus (pvz. kalb\u0105);<\/span><span style=\"font-weight: 400;\">\n<p><\/span><\/li>\n<li style=\"font-weight: 400;\" aria-level=\"1\"><b>Statistikos<\/b><span style=\"font-weight: 400;\"> \u2013 renka anoniminius duomenis apie lankytoj\u0173 elges\u012f;<\/span><span style=\"font-weight: 400;\">\n<p><\/span><\/li>\n<li style=\"font-weight: 400;\" aria-level=\"1\"><b>Rinkodaros<\/b><span style=\"font-weight: 400;\"> \u2013 leid\u017eia rodyti pritaikytus skelbimus.<\/span><span style=\"font-weight: 400;\">\n<p><\/span><\/li>\n<\/ul>\n<h3><b>3. Kaip valdyti sutikim\u0105?<\/b><\/h3>\n<p><span style=\"font-weight: 400;\">Sutikimas suteikiamas per slapuk\u0173 pasirinkimo lang\u0105 (Cookiebot). J\u016bs galite bet kada:<\/span><\/p>\n<ul>\n<li style=\"font-weight: 400;\" aria-level=\"1\"><span style=\"font-weight: 400;\">per\u017ei\u016br\u0117ti ir keisti savo pasirinkimus paspaud\u0119 svetain\u0117je esan\u010di\u0105 nuorod\u0105 \u201eKeisti slapuk\u0173 nustatymus\u201c;<\/span><span style=\"font-weight: 400;\">\n<p><\/span><\/li>\n<li style=\"font-weight: 400;\" aria-level=\"1\"><span style=\"font-weight: 400;\">at\u0161aukti sutikim\u0105 (BDAR 7(3) str.).<\/span><span style=\"font-weight: 400;\">\n<p><\/span><\/li>\n<\/ul>\n<h3><b>4. Kur per\u017ei\u016br\u0117ti slapuk\u0173 s\u0105ra\u0161\u0105?<\/b><\/h3>\n<p><span style=\"font-weight: 400;\">Vis\u0105 dinami\u0161kai atnaujinam\u0105 m\u016bs\u0173 svetain\u0117je naudojam\u0173 slapuk\u0173 s\u0105ra\u0161\u0105 galite rasti per:<\/span><span style=\"font-weight: 400;\"><br \/><\/span> <b>Slapuk\u0173 nustatym\u0173 valdikl\u012f \u2013 \u017ei\u016br\u0117ti vis\u0105 s\u0105ra\u0161\u0105<\/b><\/p>\n<h3><b>5. Duomen\u0173 perdavimas tre\u010diosioms \u0161alims<\/b><\/h3>\n<p><span style=\"font-weight: 400;\">Tam tikri slapukai (pvz., \u201eMeta\u201c, \u201eGoogle\u201c) gali perduoti J\u016bs\u0173 duomenis tre\u010diosioms \u0161alims, \u012fskaitant u\u017e Europos ekonomin\u0117s erdv\u0117s rib\u0173. Tokiu atveju taikome BDAR 46 straipsnio priemones (pvz., SCC).<\/span><\/p>\n<div class=\"table-1\">\n<\/div>\n<\/div><\/div><\/div><\/div><\/div><!-- \/wp:post-content -->","protected":false},"excerpt":{"rendered":"","protected":false},"author":13,"featured_media":0,"parent":0,"menu_order":0,"comment_status":"closed","ping_status":"open","template":"","meta":{"_acf_changed":false,"footnotes":""},"class_list":["post-22404","page","type-page","status-publish","hentry"],"acf":[],"yoast_head":"<!-- This site is optimized with the Yoast SEO plugin v27.4 - https:\/\/yoast.com\/product\/yoast-seo-wordpress\/ -->\n<title>Slapuk\u0173 politika | clinicagatas.com<\/title>\n<meta name=\"description\" content=\"Su\u017einokite, kaip saugome j\u016bs\u0173 asmens duomenis\" \/>\n<meta name=\"robots\" content=\"index, follow, max-snippet:-1, max-image-preview:large, max-video-preview:-1\" \/>\n<link rel=\"canonical\" href=\"https:\/\/clinicagatas.com\/en\/slapuku-politika\/\" \/>\n<meta property=\"og:locale\" content=\"en_GB\" \/>\n<meta property=\"og:type\" content=\"article\" \/>\n<meta property=\"og:title\" content=\"Slapuk\u0173 politika | clinicagatas.com\" \/>\n<meta property=\"og:description\" content=\"Su\u017einokite, kaip saugome j\u016bs\u0173 asmens duomenis\" \/>\n<meta property=\"og:url\" content=\"https:\/\/clinicagatas.com\/en\/slapuku-politika\/\" \/>\n<meta property=\"og:site_name\" content=\"clinicagatas.com\" \/>\n<meta property=\"article:publisher\" content=\"https:\/\/www.facebook.com\/clinicagatas\" \/>\n<meta property=\"og:image\" content=\"https:\/\/clinicagatas.com\/wp-content\/uploads\/2021\/12\/social-cover.jpg\" \/>\n\t<meta property=\"og:image:width\" content=\"1200\" \/>\n\t<meta property=\"og:image:height\" content=\"627\" \/>\n\t<meta property=\"og:image:type\" content=\"image\/jpeg\" \/>\n<meta name=\"twitter:card\" content=\"summary_large_image\" \/>\n<meta name=\"twitter:label1\" content=\"Estimated reading time\" \/>\n\t<meta name=\"twitter:data1\" content=\"2 minutes\" \/>\n<script type=\"application\/ld+json\" class=\"yoast-schema-graph\">{\"@context\":\"https:\\\/\\\/schema.org\",\"@graph\":[{\"@type\":\"WebPage\",\"@id\":\"https:\\\/\\\/clinicagatas.com\\\/slapuku-politika\\\/\",\"url\":\"https:\\\/\\\/clinicagatas.com\\\/slapuku-politika\\\/\",\"name\":\"Slapuk\u0173 politika | clinicagatas.com\",\"isPartOf\":{\"@id\":\"https:\\\/\\\/clinicagatas.com\\\/#website\"},\"datePublished\":\"2025-04-30T14:26:43+00:00\",\"description\":\"Su\u017einokite, kaip saugome j\u016bs\u0173 asmens duomenis\",\"breadcrumb\":{\"@id\":\"https:\\\/\\\/clinicagatas.com\\\/slapuku-politika\\\/#breadcrumb\"},\"inLanguage\":\"en-GB\",\"potentialAction\":[{\"@type\":\"ReadAction\",\"target\":[\"https:\\\/\\\/clinicagatas.com\\\/slapuku-politika\\\/\"]}]},{\"@type\":\"BreadcrumbList\",\"@id\":\"https:\\\/\\\/clinicagatas.com\\\/slapuku-politika\\\/#breadcrumb\",\"itemListElement\":[{\"@type\":\"ListItem\",\"position\":1,\"name\":\"Home\",\"item\":\"https:\\\/\\\/clinicagatas.com\\\/\"},{\"@type\":\"ListItem\",\"position\":2,\"name\":\"Slapuk\u0173 politika\"}]},{\"@type\":\"WebSite\",\"@id\":\"https:\\\/\\\/clinicagatas.com\\\/#website\",\"url\":\"https:\\\/\\\/clinicagatas.com\\\/\",\"name\":\"clinicagatas.com\",\"description\":\"Skausmo gydymas ir stuburo chirurgija\",\"publisher\":{\"@id\":\"https:\\\/\\\/clinicagatas.com\\\/#organization\"},\"potentialAction\":[{\"@type\":\"SearchAction\",\"target\":{\"@type\":\"EntryPoint\",\"urlTemplate\":\"https:\\\/\\\/clinicagatas.com\\\/?s={search_term_string}\"},\"query-input\":{\"@type\":\"PropertyValueSpecification\",\"valueRequired\":true,\"valueName\":\"search_term_string\"}}],\"inLanguage\":\"en-GB\"},{\"@type\":\"Organization\",\"@id\":\"https:\\\/\\\/clinicagatas.com\\\/#organization\",\"name\":\"Clinic AGATAS\",\"url\":\"https:\\\/\\\/clinicagatas.com\\\/\",\"logo\":{\"@type\":\"ImageObject\",\"inLanguage\":\"en-GB\",\"@id\":\"https:\\\/\\\/clinicagatas.com\\\/#\\\/schema\\\/logo\\\/image\\\/\",\"url\":\"https:\\\/\\\/clinicagatas.com\\\/wp-content\\\/uploads\\\/2024\\\/11\\\/logo-symbol.png\",\"contentUrl\":\"https:\\\/\\\/clinicagatas.com\\\/wp-content\\\/uploads\\\/2024\\\/11\\\/logo-symbol.png\",\"width\":368,\"height\":368,\"caption\":\"Clinic AGATAS\"},\"image\":{\"@id\":\"https:\\\/\\\/clinicagatas.com\\\/#\\\/schema\\\/logo\\\/image\\\/\"},\"sameAs\":[\"https:\\\/\\\/www.facebook.com\\\/clinicagatas\",\"https:\\\/\\\/www.instagram.com\\\/clinicagatas\\\/\",\"https:\\\/\\\/www.linkedin.com\\\/company\\\/clinic-agatas\\\/\"]}]}<\/script>\n<!-- \/ Yoast SEO plugin. -->","yoast_head_json":{"title":"Slapuk\u0173 politika | clinicagatas.com","description":"Su\u017einokite, kaip saugome j\u016bs\u0173 asmens duomenis","robots":{"index":"index","follow":"follow","max-snippet":"max-snippet:-1","max-image-preview":"max-image-preview:large","max-video-preview":"max-video-preview:-1"},"canonical":"https:\/\/clinicagatas.com\/en\/slapuku-politika\/","og_locale":"en_GB","og_type":"article","og_title":"Slapuk\u0173 politika | clinicagatas.com","og_description":"Su\u017einokite, kaip saugome j\u016bs\u0173 asmens duomenis","og_url":"https:\/\/clinicagatas.com\/en\/slapuku-politika\/","og_site_name":"clinicagatas.com","article_publisher":"https:\/\/www.facebook.com\/clinicagatas","og_image":[{"width":1200,"height":627,"url":"https:\/\/clinicagatas.com\/wp-content\/uploads\/2021\/12\/social-cover.jpg","type":"image\/jpeg"}],"twitter_card":"summary_large_image","twitter_misc":{"Estimated reading time":"2 minutes"},"schema":{"@context":"https:\/\/schema.org","@graph":[{"@type":"WebPage","@id":"https:\/\/clinicagatas.com\/slapuku-politika\/","url":"https:\/\/clinicagatas.com\/slapuku-politika\/","name":"Slapuk\u0173 politika | clinicagatas.com","isPartOf":{"@id":"https:\/\/clinicagatas.com\/#website"},"datePublished":"2025-04-30T14:26:43+00:00","description":"Su\u017einokite, kaip saugome j\u016bs\u0173 asmens duomenis","breadcrumb":{"@id":"https:\/\/clinicagatas.com\/slapuku-politika\/#breadcrumb"},"inLanguage":"en-GB","potentialAction":[{"@type":"ReadAction","target":["https:\/\/clinicagatas.com\/slapuku-politika\/"]}]},{"@type":"BreadcrumbList","@id":"https:\/\/clinicagatas.com\/slapuku-politika\/#breadcrumb","itemListElement":[{"@type":"ListItem","position":1,"name":"Home","item":"https:\/\/clinicagatas.com\/"},{"@type":"ListItem","position":2,"name":"Slapuk\u0173 politika"}]},{"@type":"WebSite","@id":"https:\/\/clinicagatas.com\/#website","url":"https:\/\/clinicagatas.com\/","name":"clinicagatas.com","description":"Pain treatment and spinal surgery","publisher":{"@id":"https:\/\/clinicagatas.com\/#organization"},"potentialAction":[{"@type":"SearchAction","target":{"@type":"EntryPoint","urlTemplate":"https:\/\/clinicagatas.com\/?s={search_term_string}"},"query-input":{"@type":"PropertyValueSpecification","valueRequired":true,"valueName":"search_term_string"}}],"inLanguage":"en-GB"},{"@type":"Organization","@id":"https:\/\/clinicagatas.com\/#organization","name":"Clinic AGATAS","url":"https:\/\/clinicagatas.com\/","logo":{"@type":"ImageObject","inLanguage":"en-GB","@id":"https:\/\/clinicagatas.com\/#\/schema\/logo\/image\/","url":"https:\/\/clinicagatas.com\/wp-content\/uploads\/2024\/11\/logo-symbol.png","contentUrl":"https:\/\/clinicagatas.com\/wp-content\/uploads\/2024\/11\/logo-symbol.png","width":368,"height":368,"caption":"Clinic AGATAS"},"image":{"@id":"https:\/\/clinicagatas.com\/#\/schema\/logo\/image\/"},"sameAs":["https:\/\/www.facebook.com\/clinicagatas","https:\/\/www.instagram.com\/clinicagatas\/","https:\/\/www.linkedin.com\/company\/clinic-agatas\/"]}]}},"_links":{"self":[{"href":"https:\/\/clinicagatas.com\/en\/wp-json\/wp\/v2\/pages\/22404","targetHints":{"allow":["GET"]}}],"collection":[{"href":"https:\/\/clinicagatas.com\/en\/wp-json\/wp\/v2\/pages"}],"about":[{"href":"https:\/\/clinicagatas.com\/en\/wp-json\/wp\/v2\/types\/page"}],"author":[{"embeddable":true,"href":"https:\/\/clinicagatas.com\/en\/wp-json\/wp\/v2\/users\/13"}],"replies":[{"embeddable":true,"href":"https:\/\/clinicagatas.com\/en\/wp-json\/wp\/v2\/comments?post=22404"}],"version-history":[{"count":1,"href":"https:\/\/clinicagatas.com\/en\/wp-json\/wp\/v2\/pages\/22404\/revisions"}],"predecessor-version":[{"id":22405,"href":"https:\/\/clinicagatas.com\/en\/wp-json\/wp\/v2\/pages\/22404\/revisions\/22405"}],"wp:attachment":[{"href":"https:\/\/clinicagatas.com\/en\/wp-json\/wp\/v2\/media?parent=22404"}],"curies":[{"name":"wp","href":"https:\/\/api.w.org\/{rel}","templated":true}]}}