{"id":22160,"date":"2025-01-31T17:00:48","date_gmt":"2025-01-31T15:00:48","guid":{"rendered":"https:\/\/clinicagatas.com\/?page_id=22160"},"modified":"2025-06-09T10:39:18","modified_gmt":"2025-06-09T07:39:18","slug":"limfodrenazinis-masazas","status":"publish","type":"page","link":"https:\/\/clinicagatas.com\/en\/paslaugos\/limfodrenazinis-masazas\/","title":{"rendered":"Lymphatic drainage massage"},"content":{"rendered":"<p><div class=\"fusion-fullwidth fullwidth-box fusion-builder-row-1 fusion-flex-container hundred-percent-fullwidth non-hundred-percent-height-scrolling\" style=\"--awb-border-sizes-top:0px;--awb-border-sizes-bottom:0px;--awb-border-sizes-left:0px;--awb-border-sizes-right:0px;--awb-border-radius-top-left:0px;--awb-border-radius-top-right:0px;--awb-border-radius-bottom-right:0px;--awb-border-radius-bottom-left:0px;--awb-padding-top:0px;--awb-padding-bottom:0px;--awb-background-color:#f7f7f7;--awb-flex-wrap:wrap;\" ><div class=\"fusion-builder-row fusion-row fusion-flex-align-items-stretch fusion-flex-justify-content-space-between fusion-flex-content-wrap\" style=\"width:104% !important;max-width:104% !important;margin-left: calc(-4% \/ 2 );margin-right: calc(-4% \/ 2 );\"><div class=\"fusion-layout-column fusion_builder_column fusion-builder-column-0 fusion_builder_column_1_1 1_1 fusion-flex-column\" style=\"--awb-bg-size:cover;--awb-width-large:100%;--awb-margin-top-large:70px;--awb-spacing-right-large:1.92%;--awb-margin-bottom-large:70px;--awb-spacing-left-large:200px;--awb-width-medium:100%;--awb-order-medium:0;--awb-spacing-right-medium:1.92%;--awb-spacing-left-medium:1.92%;--awb-width-small:100%;--awb-order-small:0;--awb-spacing-right-small:1.92%;--awb-spacing-left-small:1.92%;\"><div class=\"fusion-column-wrapper fusion-column-has-shadow fusion-flex-justify-content-flex-start fusion-content-layout-column\"><div class=\"fusion-title title fusion-title-1 fusion-sep-none fusion-title-text fusion-title-size-two\" style=\"--awb-margin-bottom:30px;--awb-margin-top-small:0px;--awb-margin-right-small:0px;--awb-margin-bottom-small:20px;--awb-margin-left-small:0px;\"><h2 class=\"fusion-title-heading title-heading-left fusion-responsive-typography-calculated\" style=\"margin:0;--fontSize:36;line-height:1.25;\">What is manual therapeutic lymphatic drainage massage?<\/h2><\/div><div class=\"fusion-text fusion-text-1\" style=\"--awb-text-transform:none;\"><p><span style=\"font-weight: 400;\">Manual therapeutic lymphatic drainage massage is a gentle, rhythmic therapeutic technique designed to stimulate lymphatic flow, improve fluid metabolism, and detoxify the body. This massage helps reduce swelling, improve circulation, strengthen the immune system, and stimulate the body's natural healing processes.<\/span><\/p>\n<\/div><div class=\"fusion-title title fusion-title-2 fusion-sep-none fusion-title-text fusion-title-size-two\" style=\"--awb-margin-bottom:30px;--awb-margin-top-small:0px;--awb-margin-right-small:0px;--awb-margin-bottom-small:20px;--awb-margin-left-small:0px;\"><h2 class=\"fusion-title-heading title-heading-left fusion-responsive-typography-calculated\" style=\"margin:0;--fontSize:36;line-height:1.25;\">How Is the Procedure Performed?<\/h2><\/div><div class=\"fusion-text fusion-text-2\" style=\"--awb-text-transform:none;\"><p><span style=\"font-weight: 400;\">Massage uses slow, gentle, and targeted movements in the direction of lymph flow to reduce fluid retention and remove toxins. This therapy can be beneficial after surgery, for lymphatic system disorders, chronic fatigue, or to maintain overall health.<\/span><\/p>\n<\/div><div class=\"fusion-text fusion-text-3\" style=\"--awb-text-transform:none;\"><p><b>Important:<\/b><span style=\"font-weight: 400;\"> if you suffer from chronic pain, it is recommended that you only have a massage after consulting with a pain specialist to ensure the most appropriate treatment method and avoid possible worsening of your condition.<\/span><\/p>\n<\/div><\/div><\/div><\/div><\/div><div class=\"fusion-fullwidth fullwidth-box fusion-builder-row-2 fusion-flex-container has-pattern-background has-mask-background nonhundred-percent-fullwidth non-hundred-percent-height-scrolling\" style=\"--awb-border-radius-top-left:0px;--awb-border-radius-top-right:0px;--awb-border-radius-bottom-right:0px;--awb-border-radius-bottom-left:0px;--awb-flex-wrap:wrap;\" ><div class=\"fusion-builder-row fusion-row fusion-flex-align-items-flex-start fusion-flex-content-wrap\" style=\"max-width:1216.8px;margin-left: calc(-4% \/ 2 );margin-right: calc(-4% \/ 2 );\"><div class=\"fusion-layout-column fusion_builder_column fusion-builder-column-1 fusion_builder_column_1_4 1_4 fusion-flex-column\" style=\"--awb-bg-size:cover;--awb-width-large:25%;--awb-margin-top-large:0px;--awb-spacing-right-large:7.68%;--awb-margin-bottom-large:0px;--awb-spacing-left-large:7.68%;--awb-width-medium:100%;--awb-order-medium:0;--awb-spacing-right-medium:1.92%;--awb-spacing-left-medium:1.92%;--awb-width-small:100%;--awb-order-small:0;--awb-spacing-right-small:1.92%;--awb-spacing-left-small:1.92%;\"><div class=\"fusion-column-wrapper fusion-column-has-shadow fusion-flex-justify-content-flex-start fusion-content-layout-column\"><\/div><\/div><div class=\"fusion-layout-column fusion_builder_column fusion-builder-column-2 fusion_builder_column_1_2 1_2 fusion-flex-column\" style=\"--awb-bg-size:cover;--awb-width-large:50%;--awb-margin-top-large:0px;--awb-spacing-right-large:3.84%;--awb-margin-bottom-large:0px;--awb-spacing-left-large:3.84%;--awb-width-medium:100%;--awb-order-medium:0;--awb-spacing-right-medium:1.92%;--awb-spacing-left-medium:1.92%;--awb-width-small:100%;--awb-order-small:0;--awb-spacing-right-small:1.92%;--awb-spacing-left-small:1.92%;\"><div class=\"fusion-column-wrapper fusion-column-has-shadow fusion-flex-justify-content-flex-start fusion-content-layout-column\"><div style=\"text-align:center;\"><a class=\"fusion-button button-flat fusion-button-default-size button-default fusion-button-default button-1 fusion-button-default-span fusion-button-default-type\" style=\"width:calc(100%);\" target=\"_self\" href=\"\/en\/registracija\/\"><span class=\"fusion-button-text awb-button__text awb-button__text--default\">Registration<\/span><\/a><\/div><\/div><\/div><div class=\"fusion-layout-column fusion_builder_column fusion-builder-column-3 fusion_builder_column_1_4 1_4 fusion-flex-column\" style=\"--awb-bg-size:cover;--awb-width-large:25%;--awb-margin-top-large:0px;--awb-spacing-right-large:7.68%;--awb-margin-bottom-large:0px;--awb-spacing-left-large:7.68%;--awb-width-medium:100%;--awb-order-medium:0;--awb-spacing-right-medium:1.92%;--awb-spacing-left-medium:1.92%;--awb-width-small:100%;--awb-order-small:0;--awb-spacing-right-small:1.92%;--awb-spacing-left-small:1.92%;\"><div class=\"fusion-column-wrapper fusion-column-has-shadow fusion-flex-justify-content-flex-start fusion-content-layout-column\"><\/div><\/div><\/div><\/div><div class=\"fusion-fullwidth fullwidth-box fusion-builder-row-3 fusion-flex-container nonhundred-percent-fullwidth non-hundred-percent-height-scrolling\" style=\"--awb-border-radius-top-left:0px;--awb-border-radius-top-right:0px;--awb-border-radius-bottom-right:0px;--awb-border-radius-bottom-left:0px;--awb-flex-wrap:wrap;\" ><div class=\"fusion-builder-row fusion-row fusion-flex-align-items-center fusion-flex-justify-content-center fusion-flex-content-wrap\" style=\"max-width:1216.8px;margin-left: calc(-4% \/ 2 );margin-right: calc(-4% \/ 2 );\"><div class=\"fusion-layout-column fusion_builder_column fusion-builder-column-4 fusion_builder_column_1_1 1_1 fusion-flex-column\" style=\"--awb-bg-size:cover;--awb-width-large:100%;--awb-margin-top-large:0px;--awb-spacing-right-large:1.92%;--awb-margin-bottom-large:0px;--awb-spacing-left-large:1.92%;--awb-width-medium:80%;--awb-order-medium:0;--awb-spacing-right-medium:2.4%;--awb-spacing-left-medium:2.4%;--awb-width-small:100%;--awb-order-small:0;--awb-spacing-right-small:1.92%;--awb-spacing-left-small:1.92%;\"><div class=\"fusion-column-wrapper fusion-column-has-shadow fusion-flex-justify-content-flex-start fusion-content-layout-column\"><div class=\"fusion-title title fusion-title-3 fusion-sep-none fusion-title-center fusion-title-text fusion-title-size-two\" style=\"--awb-margin-bottom:30px;--awb-margin-top-small:0px;--awb-margin-right-small:0px;--awb-margin-bottom-small:20px;--awb-margin-left-small:0px;\"><h2 class=\"fusion-title-heading title-heading-center fusion-responsive-typography-calculated\" style=\"margin:0;--fontSize:36;line-height:1.25;\">THERAPEUTIC MASSAGE SPECIALIST<\/h2><\/div><\/div><\/div><div class=\"fusion-layout-column fusion_builder_column fusion-builder-column-5 fusion_builder_column_1_3 1_3 fusion-flex-column\" style=\"--awb-bg-size:cover;--awb-width-large:33.333333333333%;--awb-margin-top-large:0px;--awb-spacing-right-large:5.76%;--awb-margin-bottom-large:0px;--awb-spacing-left-large:5.76%;--awb-width-medium:100%;--awb-order-medium:0;--awb-spacing-right-medium:1.92%;--awb-spacing-left-medium:1.92%;--awb-width-small:100%;--awb-order-small:0;--awb-spacing-right-small:1.92%;--awb-spacing-left-small:1.92%;\"><div class=\"fusion-column-wrapper fusion-column-has-shadow fusion-flex-justify-content-flex-start fusion-content-layout-column\"><div class=\"fusion-person person fusion-person-left fusion-person-1 fusion-person-icon-bottom\" style=\"--awb-pic-style-color:#000000;--awb-pic-borderradius:0px;--awb-margin-top:0px;--awb-margin-right:0px;--awb-margin-bottom:0px;--awb-margin-left:0px;\"><div class=\"person-shortcode-image-wrapper\"><div class=\"person-image-container hover-type-none\" style=\"border:0px solid #f6f6f6;-webkit-border-radius:0px;-moz-border-radius:0px;border-radius:0px;\"><a href=\"https:\/\/clinicagatas.com\/en\/specialistai\/vilmante-rapkeviciene\/\" target=\"_self\"><img decoding=\"async\" class=\"person-img img-responsive wp-image-20545\" width=\"1024\" height=\"1536\" src=\"https:\/\/clinicagatas.com\/wp-content\/uploads\/2021\/11\/vilmante.jpg\" alt=\"Vilmant\u0117 Rapkevi\u010dien\u0117\" srcset=\"https:\/\/clinicagatas.com\/wp-content\/uploads\/2021\/11\/vilmante-200x300.jpg 200w, https:\/\/clinicagatas.com\/wp-content\/uploads\/2021\/11\/vilmante-400x600.jpg 400w, https:\/\/clinicagatas.com\/wp-content\/uploads\/2021\/11\/vilmante-600x900.jpg 600w, https:\/\/clinicagatas.com\/wp-content\/uploads\/2021\/11\/vilmante-800x1200.jpg 800w, https:\/\/clinicagatas.com\/wp-content\/uploads\/2021\/11\/vilmante.jpg 1024w\" sizes=\"(max-width: 1024px) 100vw, (max-width: 640px) 100vw, 400px\" \/><\/a><\/div><\/div><div class=\"person-desc\" style=\"background-color:#ffffff;padding:40px;margin-top:0;\"><div class=\"person-author\"><div class=\"person-author-wrapper\"><span class=\"person-name\">Vilmant\u0117 Rapkevi\u010dien\u0117<\/span><span class=\"person-title\">Therapeutic massage specialist<\/span><\/div><\/div><div class=\"person-content fusion-clearfix\"><\/div><\/div><\/div><\/div><\/div><\/div><\/div><div class=\"fusion-fullwidth fullwidth-box fusion-builder-row-4 fusion-flex-container nonhundred-percent-fullwidth non-hundred-percent-height-scrolling ab-registration-cta-container\" style=\"--awb-border-sizes-top:0px;--awb-border-sizes-bottom:0px;--awb-border-sizes-left:0px;--awb-border-sizes-right:0px;--awb-border-radius-top-left:0px;--awb-border-radius-top-right:0px;--awb-border-radius-bottom-right:0px;--awb-border-radius-bottom-left:0px;--awb-padding-bottom:70px;--awb-padding-bottom-medium:110px;--awb-background-color:#264256;--awb-flex-wrap:wrap;\" ><div class=\"fusion-builder-row fusion-row fusion-flex-align-items-center fusion-flex-content-wrap\" style=\"max-width:1216.8px;margin-left: calc(-4% \/ 2 );margin-right: calc(-4% \/ 2 );\"><div class=\"fusion-layout-column fusion_builder_column fusion-builder-column-6 fusion_builder_column_2_3 2_3 fusion-flex-column\" style=\"--awb-bg-blend:overlay;--awb-bg-size:cover;--awb-width-large:66.666666666667%;--awb-margin-top-large:0px;--awb-spacing-right-large:2.88%;--awb-margin-bottom-large:0px;--awb-spacing-left-large:2.88%;--awb-width-medium:100%;--awb-spacing-right-medium:1.92%;--awb-spacing-left-medium:1.92%;--awb-width-small:100%;--awb-spacing-right-small:1.92%;--awb-spacing-left-small:1.92%;\"><div class=\"fusion-column-wrapper fusion-flex-justify-content-flex-start fusion-content-layout-column\"><div class=\"fusion-title title fusion-title-4 fusion-sep-none fusion-title-text fusion-title-size-two\" style=\"--awb-text-color:#ffffff;--awb-margin-bottom:30px;--awb-margin-top-small:0px;--awb-margin-right-small:0px;--awb-margin-bottom-small:20px;--awb-margin-left-small:0px;\"><h2 class=\"fusion-title-heading title-heading-left fusion-responsive-typography-calculated\" style=\"margin:0;--fontSize:36;line-height:1.25;\">Registration<\/h2><\/div><div class=\"fusion-separator\" style=\"align-self: flex-start;margin-right:auto;margin-top:0px;margin-bottom:30px;width:100%;max-width:280px;\"><div class=\"fusion-separator-border sep-single sep-solid\" style=\"--awb-height:20px;--awb-amount:20px;--awb-sep-color:#d1d1d1;border-color:#d1d1d1;border-top-width:2px;\"><\/div><\/div><div class=\"fusion-title title fusion-title-5 fusion-sep-none fusion-title-text fusion-title-size-three\" style=\"--awb-text-color:#ffffff;--awb-margin-top-small:0px;--awb-margin-right-small:0px;--awb-margin-bottom-small:20px;--awb-margin-left-small:0px;\"><h3 class=\"fusion-title-heading title-heading-left fusion-responsive-typography-calculated\" style=\"margin:0;--fontSize:22;--minFontSize:22;line-height:1.82;\">Register by phone <a href=\"tel:+370 602 26118\">+370 602 26118<\/a>\u00a0arba u\u017epildykite registracijos form\u0105. Mes b\u016btinai su Jumis susisieksime!<\/h3><\/div><\/div><\/div><div class=\"fusion-layout-column fusion_builder_column fusion-builder-column-7 fusion_builder_column_1_3 1_3 fusion-flex-column\" style=\"--awb-bg-size:cover;--awb-width-large:33.333333333333%;--awb-margin-top-large:0px;--awb-spacing-right-large:5.76%;--awb-margin-bottom-large:0px;--awb-spacing-left-large:5.76%;--awb-width-medium:100%;--awb-order-medium:0;--awb-spacing-right-medium:1.92%;--awb-spacing-left-medium:1.92%;--awb-width-small:100%;--awb-order-small:0;--awb-spacing-right-small:1.92%;--awb-spacing-left-small:1.92%;\"><div class=\"fusion-column-wrapper fusion-column-has-shadow fusion-flex-justify-content-flex-start fusion-content-layout-column\"><div class=\"md-text-align-left sm-text-align-left\" style=\"text-align:right;\"><a class=\"fusion-button button-flat fusion-button-default-size button-custom fusion-button-default button-2 fusion-button-span-no fusion-button-default-type\" style=\"--button_accent_color:#65d19d;--button_border_color:#00795f;--button_accent_hover_color:#ffffff;--button_border_hover_color:#ffffff;--button_gradient_top_color:#ffffff;--button_gradient_bottom_color:#ffffff;--button_gradient_top_color_hover:#65d19d;--button_gradient_bottom_color_hover:#65d19d;--button_margin-top:20px;\" target=\"_self\" href=\"https:\/\/clinicagatas.com\/en\/registracija\/\"><span class=\"fusion-button-text awb-button__text awb-button__text--default\">Register online<\/span><\/a><\/div><\/div><\/div><\/div><\/div>\n<\/p>","protected":false},"excerpt":{"rendered":"","protected":false},"author":13,"featured_media":0,"parent":9,"menu_order":0,"comment_status":"closed","ping_status":"closed","template":"100-width.php","meta":{"_acf_changed":false,"footnotes":""},"class_list":["post-22160","page","type-page","status-publish","hentry"],"acf":[],"yoast_head":"<!-- This site is optimized with the Yoast SEO plugin v27.4 - https:\/\/yoast.com\/product\/yoast-seo-wordpress\/ -->\n<title>Limfodrena\u017einis masa\u017eas | clinicagatas.com<\/title>\n<meta name=\"description\" content=\"Efektyv\u016bs skausmo gydymo sprendimai, skirti l\u0117tiniam ir \u016bmiam skausmui mal\u0161inti. Taikome modernius metodus, pritaikytus kiekvieno paciento poreikiams \u2714\ufe0fU\u017esukite\" \/>\n<meta name=\"robots\" content=\"index, follow, max-snippet:-1, max-image-preview:large, max-video-preview:-1\" \/>\n<link rel=\"canonical\" href=\"https:\/\/clinicagatas.com\/en\/paslaugos\/limfodrenazinis-masazas\/\" \/>\n<meta property=\"og:locale\" content=\"en_GB\" \/>\n<meta property=\"og:type\" content=\"article\" \/>\n<meta property=\"og:title\" content=\"Limfodrena\u017einis masa\u017eas | clinicagatas.com\" \/>\n<meta property=\"og:description\" content=\"Efektyv\u016bs skausmo gydymo sprendimai, skirti l\u0117tiniam ir \u016bmiam skausmui mal\u0161inti. Taikome modernius metodus, pritaikytus kiekvieno paciento poreikiams \u2714\ufe0fU\u017esukite\" \/>\n<meta property=\"og:url\" content=\"https:\/\/clinicagatas.com\/en\/paslaugos\/limfodrenazinis-masazas\/\" \/>\n<meta property=\"og:site_name\" content=\"clinicagatas.com\" \/>\n<meta property=\"article:publisher\" content=\"https:\/\/www.facebook.com\/clinicagatas\" \/>\n<meta property=\"article:modified_time\" content=\"2025-06-09T07:39:18+00:00\" \/>\n<meta property=\"og:image\" content=\"https:\/\/clinicagatas.com\/wp-content\/uploads\/2021\/12\/social-cover.jpg\" \/>\n\t<meta property=\"og:image:width\" content=\"1200\" \/>\n\t<meta property=\"og:image:height\" content=\"627\" \/>\n\t<meta property=\"og:image:type\" content=\"image\/jpeg\" \/>\n<meta name=\"twitter:card\" content=\"summary_large_image\" \/>\n<meta name=\"twitter:label1\" content=\"Estimated reading time\" \/>\n\t<meta name=\"twitter:data1\" content=\"22 minutes\" \/>\n<script type=\"application\/ld+json\" class=\"yoast-schema-graph\">{\"@context\":\"https:\\\/\\\/schema.org\",\"@graph\":[{\"@type\":\"WebPage\",\"@id\":\"https:\\\/\\\/clinicagatas.com\\\/paslaugos\\\/limfodrenazinis-masazas\\\/\",\"url\":\"https:\\\/\\\/clinicagatas.com\\\/paslaugos\\\/limfodrenazinis-masazas\\\/\",\"name\":\"Limfodrena\u017einis masa\u017eas | clinicagatas.com\",\"isPartOf\":{\"@id\":\"https:\\\/\\\/clinicagatas.com\\\/#website\"},\"datePublished\":\"2025-01-31T15:00:48+00:00\",\"dateModified\":\"2025-06-09T07:39:18+00:00\",\"description\":\"Efektyv\u016bs skausmo gydymo sprendimai, skirti l\u0117tiniam ir \u016bmiam skausmui mal\u0161inti. Taikome modernius metodus, pritaikytus kiekvieno paciento poreikiams \u2714\ufe0fU\u017esukite\",\"breadcrumb\":{\"@id\":\"https:\\\/\\\/clinicagatas.com\\\/paslaugos\\\/limfodrenazinis-masazas\\\/#breadcrumb\"},\"inLanguage\":\"en-GB\",\"potentialAction\":[{\"@type\":\"ReadAction\",\"target\":[\"https:\\\/\\\/clinicagatas.com\\\/paslaugos\\\/limfodrenazinis-masazas\\\/\"]}]},{\"@type\":\"BreadcrumbList\",\"@id\":\"https:\\\/\\\/clinicagatas.com\\\/paslaugos\\\/limfodrenazinis-masazas\\\/#breadcrumb\",\"itemListElement\":[{\"@type\":\"ListItem\",\"position\":1,\"name\":\"Home\",\"item\":\"https:\\\/\\\/clinicagatas.com\\\/\"},{\"@type\":\"ListItem\",\"position\":2,\"name\":\"Paslaugos\",\"item\":\"https:\\\/\\\/clinicagatas.com\\\/paslaugos\\\/\"},{\"@type\":\"ListItem\",\"position\":3,\"name\":\"Limfodrena\u017einis masa\u017eas\"}]},{\"@type\":\"WebSite\",\"@id\":\"https:\\\/\\\/clinicagatas.com\\\/#website\",\"url\":\"https:\\\/\\\/clinicagatas.com\\\/\",\"name\":\"clinicagatas.com\",\"description\":\"Skausmo gydymas ir stuburo chirurgija\",\"publisher\":{\"@id\":\"https:\\\/\\\/clinicagatas.com\\\/#organization\"},\"potentialAction\":[{\"@type\":\"SearchAction\",\"target\":{\"@type\":\"EntryPoint\",\"urlTemplate\":\"https:\\\/\\\/clinicagatas.com\\\/?s={search_term_string}\"},\"query-input\":{\"@type\":\"PropertyValueSpecification\",\"valueRequired\":true,\"valueName\":\"search_term_string\"}}],\"inLanguage\":\"en-GB\"},{\"@type\":\"Organization\",\"@id\":\"https:\\\/\\\/clinicagatas.com\\\/#organization\",\"name\":\"Clinic AGATAS\",\"url\":\"https:\\\/\\\/clinicagatas.com\\\/\",\"logo\":{\"@type\":\"ImageObject\",\"inLanguage\":\"en-GB\",\"@id\":\"https:\\\/\\\/clinicagatas.com\\\/#\\\/schema\\\/logo\\\/image\\\/\",\"url\":\"https:\\\/\\\/clinicagatas.com\\\/wp-content\\\/uploads\\\/2024\\\/11\\\/logo-symbol.png\",\"contentUrl\":\"https:\\\/\\\/clinicagatas.com\\\/wp-content\\\/uploads\\\/2024\\\/11\\\/logo-symbol.png\",\"width\":368,\"height\":368,\"caption\":\"Clinic AGATAS\"},\"image\":{\"@id\":\"https:\\\/\\\/clinicagatas.com\\\/#\\\/schema\\\/logo\\\/image\\\/\"},\"sameAs\":[\"https:\\\/\\\/www.facebook.com\\\/clinicagatas\",\"https:\\\/\\\/www.instagram.com\\\/clinicagatas\\\/\",\"https:\\\/\\\/www.linkedin.com\\\/company\\\/clinic-agatas\\\/\"]}]}<\/script>\n<!-- \/ Yoast SEO plugin. -->","yoast_head_json":{"title":"Limfodrena\u017einis masa\u017eas | clinicagatas.com","description":"Efektyv\u016bs skausmo gydymo sprendimai, skirti l\u0117tiniam ir \u016bmiam skausmui mal\u0161inti. Taikome modernius metodus, pritaikytus kiekvieno paciento poreikiams \u2714\ufe0fU\u017esukite","robots":{"index":"index","follow":"follow","max-snippet":"max-snippet:-1","max-image-preview":"max-image-preview:large","max-video-preview":"max-video-preview:-1"},"canonical":"https:\/\/clinicagatas.com\/en\/paslaugos\/limfodrenazinis-masazas\/","og_locale":"en_GB","og_type":"article","og_title":"Limfodrena\u017einis masa\u017eas | clinicagatas.com","og_description":"Efektyv\u016bs skausmo gydymo sprendimai, skirti l\u0117tiniam ir \u016bmiam skausmui mal\u0161inti. Taikome modernius metodus, pritaikytus kiekvieno paciento poreikiams \u2714\ufe0fU\u017esukite","og_url":"https:\/\/clinicagatas.com\/en\/paslaugos\/limfodrenazinis-masazas\/","og_site_name":"clinicagatas.com","article_publisher":"https:\/\/www.facebook.com\/clinicagatas","article_modified_time":"2025-06-09T07:39:18+00:00","og_image":[{"width":1200,"height":627,"url":"https:\/\/clinicagatas.com\/wp-content\/uploads\/2021\/12\/social-cover.jpg","type":"image\/jpeg"}],"twitter_card":"summary_large_image","twitter_misc":{"Estimated reading time":"22 minutes"},"schema":{"@context":"https:\/\/schema.org","@graph":[{"@type":"WebPage","@id":"https:\/\/clinicagatas.com\/paslaugos\/limfodrenazinis-masazas\/","url":"https:\/\/clinicagatas.com\/paslaugos\/limfodrenazinis-masazas\/","name":"Limfodrena\u017einis masa\u017eas | clinicagatas.com","isPartOf":{"@id":"https:\/\/clinicagatas.com\/#website"},"datePublished":"2025-01-31T15:00:48+00:00","dateModified":"2025-06-09T07:39:18+00:00","description":"Efektyv\u016bs skausmo gydymo sprendimai, skirti l\u0117tiniam ir \u016bmiam skausmui mal\u0161inti. Taikome modernius metodus, pritaikytus kiekvieno paciento poreikiams \u2714\ufe0fU\u017esukite","breadcrumb":{"@id":"https:\/\/clinicagatas.com\/paslaugos\/limfodrenazinis-masazas\/#breadcrumb"},"inLanguage":"en-GB","potentialAction":[{"@type":"ReadAction","target":["https:\/\/clinicagatas.com\/paslaugos\/limfodrenazinis-masazas\/"]}]},{"@type":"BreadcrumbList","@id":"https:\/\/clinicagatas.com\/paslaugos\/limfodrenazinis-masazas\/#breadcrumb","itemListElement":[{"@type":"ListItem","position":1,"name":"Home","item":"https:\/\/clinicagatas.com\/"},{"@type":"ListItem","position":2,"name":"Paslaugos","item":"https:\/\/clinicagatas.com\/paslaugos\/"},{"@type":"ListItem","position":3,"name":"Limfodrena\u017einis masa\u017eas"}]},{"@type":"WebSite","@id":"https:\/\/clinicagatas.com\/#website","url":"https:\/\/clinicagatas.com\/","name":"clinicagatas.com","description":"Pain treatment and spinal surgery","publisher":{"@id":"https:\/\/clinicagatas.com\/#organization"},"potentialAction":[{"@type":"SearchAction","target":{"@type":"EntryPoint","urlTemplate":"https:\/\/clinicagatas.com\/?s={search_term_string}"},"query-input":{"@type":"PropertyValueSpecification","valueRequired":true,"valueName":"search_term_string"}}],"inLanguage":"en-GB"},{"@type":"Organization","@id":"https:\/\/clinicagatas.com\/#organization","name":"Clinic AGATAS","url":"https:\/\/clinicagatas.com\/","logo":{"@type":"ImageObject","inLanguage":"en-GB","@id":"https:\/\/clinicagatas.com\/#\/schema\/logo\/image\/","url":"https:\/\/clinicagatas.com\/wp-content\/uploads\/2024\/11\/logo-symbol.png","contentUrl":"https:\/\/clinicagatas.com\/wp-content\/uploads\/2024\/11\/logo-symbol.png","width":368,"height":368,"caption":"Clinic AGATAS"},"image":{"@id":"https:\/\/clinicagatas.com\/#\/schema\/logo\/image\/"},"sameAs":["https:\/\/www.facebook.com\/clinicagatas","https:\/\/www.instagram.com\/clinicagatas\/","https:\/\/www.linkedin.com\/company\/clinic-agatas\/"]}]}},"_links":{"self":[{"href":"https:\/\/clinicagatas.com\/en\/wp-json\/wp\/v2\/pages\/22160","targetHints":{"allow":["GET"]}}],"collection":[{"href":"https:\/\/clinicagatas.com\/en\/wp-json\/wp\/v2\/pages"}],"about":[{"href":"https:\/\/clinicagatas.com\/en\/wp-json\/wp\/v2\/types\/page"}],"author":[{"embeddable":true,"href":"https:\/\/clinicagatas.com\/en\/wp-json\/wp\/v2\/users\/13"}],"replies":[{"embeddable":true,"href":"https:\/\/clinicagatas.com\/en\/wp-json\/wp\/v2\/comments?post=22160"}],"version-history":[{"count":4,"href":"https:\/\/clinicagatas.com\/en\/wp-json\/wp\/v2\/pages\/22160\/revisions"}],"predecessor-version":[{"id":22538,"href":"https:\/\/clinicagatas.com\/en\/wp-json\/wp\/v2\/pages\/22160\/revisions\/22538"}],"up":[{"embeddable":true,"href":"https:\/\/clinicagatas.com\/en\/wp-json\/wp\/v2\/pages\/9"}],"wp:attachment":[{"href":"https:\/\/clinicagatas.com\/en\/wp-json\/wp\/v2\/media?parent=22160"}],"curies":[{"name":"wp","href":"https:\/\/api.w.org\/{rel}","templated":true}]}}