{"id":21357,"date":"2023-08-16T17:02:44","date_gmt":"2023-08-16T14:02:44","guid":{"rendered":"https:\/\/clinicagatas.com\/?page_id=21357"},"modified":"2026-02-24T16:22:21","modified_gmt":"2026-02-24T14:22:21","slug":"kristina-ciruliene","status":"publish","type":"page","link":"https:\/\/clinicagatas.com\/en\/specialistai\/kristina-ciruliene\/","title":{"rendered":"Kristina Cirulien\u0117 rheumatologist"},"content":{"rendered":"<p><div class=\"fusion-fullwidth fullwidth-box fusion-builder-row-1 fusion-flex-container nonhundred-percent-fullwidth non-hundred-percent-height-scrolling ab-specialistsingle-image-wrapper\" style=\"--awb-border-radius-top-left:0px;--awb-border-radius-top-right:0px;--awb-border-radius-bottom-right:0px;--awb-border-radius-bottom-left:0px;--awb-padding-bottom:0px;--awb-flex-wrap:wrap;\" ><div class=\"fusion-builder-row fusion-row fusion-flex-align-items-center fusion-flex-content-wrap\" style=\"max-width:1216.8px;margin-left: calc(-4% \/ 2 );margin-right: calc(-4% \/ 2 );\"><div class=\"fusion-layout-column fusion_builder_column fusion-builder-column-0 fusion_builder_column_1_1 1_1 fusion-flex-column\" style=\"--awb-bg-size:cover;--awb-width-large:100%;--awb-margin-top-large:0px;--awb-spacing-right-large:1.92%;--awb-margin-bottom-large:0px;--awb-spacing-left-large:1.92%;--awb-width-medium:100%;--awb-order-medium:0;--awb-spacing-right-medium:1.92%;--awb-spacing-left-medium:1.92%;--awb-width-small:100%;--awb-order-small:0;--awb-spacing-right-small:1.92%;--awb-spacing-left-small:1.92%;\"><div class=\"fusion-column-wrapper fusion-column-has-shadow fusion-flex-justify-content-flex-start fusion-content-layout-column\"><nav class=\"fusion-breadcrumbs awb-yoast-breadcrumbs fusion-breadcrumbs-1\" style=\"--awb-breadcrumb-sep:&#039;\/&#039;;\" aria-label=\"Breadcrumb\"><span><span><a href=\"https:\/\/clinicagatas.com\/en\/\">Home<\/a><\/span><\/span><\/nav><div class=\"fusion-title title fusion-title-1 fusion-sep-none fusion-title-text fusion-title-size-one hidden\" style=\"--awb-margin-top-small:0px;--awb-margin-right-small:0px;--awb-margin-bottom-small:20px;--awb-margin-left-small:0px;\"><h1 class=\"fusion-title-heading title-heading-left fusion-responsive-typography-calculated\" style=\"margin:0;--fontSize:80;line-height:1;\">Kristina Cirulien\u0117 rheumatologist<\/h1><\/div><\/div><\/div><div class=\"fusion-layout-column fusion_builder_column fusion-builder-column-1 fusion_builder_column_1_2 1_2 fusion-flex-column fusion-flex-align-self-center\" style=\"--awb-bg-size:cover;--awb-width-large:50%;--awb-margin-top-large:0px;--awb-spacing-right-large:3.84%;--awb-margin-bottom-large:0px;--awb-spacing-left-large:3.84%;--awb-width-medium:100%;--awb-order-medium:0;--awb-spacing-right-medium:1.92%;--awb-spacing-left-medium:1.92%;--awb-width-small:100%;--awb-order-small:0;--awb-spacing-right-small:1.92%;--awb-spacing-left-small:1.92%;\"><div class=\"fusion-column-wrapper fusion-column-has-shadow fusion-flex-justify-content-center fusion-content-layout-column\"><div class=\"fusion-image-element\" style=\"text-align:left;--awb-caption-title-font-family:var(--h2_typography-font-family);--awb-caption-title-font-weight:var(--h2_typography-font-weight);--awb-caption-title-font-style:var(--h2_typography-font-style);--awb-caption-title-size:var(--h2_typography-font-size);--awb-caption-title-transform:var(--h2_typography-text-transform);--awb-caption-title-line-height:var(--h2_typography-line-height);--awb-caption-title-letter-spacing:var(--h2_typography-letter-spacing);\"><span class=\"fusion-imageframe imageframe-none imageframe-1 hover-type-none\"><img decoding=\"async\" width=\"1024\" height=\"1536\" title=\"Kristina C\" src=\"https:\/\/clinicagatas.com\/wp-content\/uploads\/2026\/02\/Kristina-C.png\" alt class=\"img-responsive wp-image-23060\" srcset=\"https:\/\/clinicagatas.com\/wp-content\/uploads\/2026\/02\/Kristina-C-200x300.png 200w, https:\/\/clinicagatas.com\/wp-content\/uploads\/2026\/02\/Kristina-C-400x600.png 400w, https:\/\/clinicagatas.com\/wp-content\/uploads\/2026\/02\/Kristina-C-600x900.png 600w, https:\/\/clinicagatas.com\/wp-content\/uploads\/2026\/02\/Kristina-C-800x1200.png 800w, https:\/\/clinicagatas.com\/wp-content\/uploads\/2026\/02\/Kristina-C.png 1024w\" sizes=\"(max-width: 1024px) 100vw, (max-width: 640px) 100vw, 600px\" \/><\/span><\/div><\/div><\/div><div class=\"fusion-layout-column fusion_builder_column fusion-builder-column-2 fusion_builder_column_1_2 1_2 fusion-flex-column\" style=\"--awb-bg-size:cover;--awb-width-large:50%;--awb-margin-top-large:0px;--awb-spacing-right-large:3.84%;--awb-margin-bottom-large:0px;--awb-spacing-left-large:3.84%;--awb-width-medium:100%;--awb-order-medium:0;--awb-spacing-right-medium:1.92%;--awb-spacing-left-medium:1.92%;--awb-width-small:100%;--awb-order-small:0;--awb-spacing-right-small:1.92%;--awb-spacing-left-small:1.92%;\"><div class=\"fusion-column-wrapper fusion-column-has-shadow fusion-flex-justify-content-flex-start fusion-content-layout-column\"><div class=\"fusion-title title fusion-title-2 fusion-sep-none fusion-title-text fusion-title-size-two\" style=\"--awb-margin-top-small:0px;--awb-margin-right-small:0px;--awb-margin-bottom-small:20px;--awb-margin-left-small:0px;\"><h2 class=\"fusion-title-heading title-heading-left fusion-responsive-typography-calculated\" style=\"margin:0;--fontSize:36;line-height:1.25;\"><strong>Kristina Cirulien\u0117<\/strong><\/h2><\/div><div class=\"fusion-title title fusion-title-3 fusion-sep-none fusion-title-text fusion-title-size-four\" style=\"--awb-text-color:#606060;--awb-margin-top-small:0px;--awb-margin-right-small:0px;--awb-margin-bottom-small:20px;--awb-margin-left-small:0px;\"><h4 class=\"fusion-title-heading title-heading-left fusion-responsive-typography-calculated\" style=\"margin:0;--fontSize:18;--minFontSize:18;line-height:2;\">Rheumatologist<\/h4><\/div><div ><a class=\"fusion-button button-flat fusion-button-default-size button-default fusion-button-default button-1 fusion-button-default-span fusion-button-default-type\" style=\"--awb-margin-top:30px;\" target=\"_self\" href=\"\/en\/registracija\/\"><span class=\"fusion-button-text awb-button__text awb-button__text--default\">Register for a visit<\/span><\/a><\/div><\/div><\/div><\/div><\/div><div class=\"fusion-fullwidth fullwidth-box fusion-builder-row-2 fusion-flex-container nonhundred-percent-fullwidth non-hundred-percent-height-scrolling\" style=\"--awb-border-radius-top-left:0px;--awb-border-radius-top-right:0px;--awb-border-radius-bottom-right:0px;--awb-border-radius-bottom-left:0px;--awb-margin-top:0px;--awb-background-color:#f7f7f7;--awb-flex-wrap:wrap;\" ><div class=\"fusion-builder-row fusion-row fusion-flex-align-items-flex-start fusion-flex-content-wrap\" style=\"max-width:1216.8px;margin-left: calc(-4% \/ 2 );margin-right: calc(-4% \/ 2 );\"><div class=\"fusion-layout-column fusion_builder_column fusion-builder-column-3 fusion_builder_column_1_1 1_1 fusion-flex-column\" style=\"--awb-bg-size:cover;--awb-width-large:100%;--awb-margin-top-large:0px;--awb-spacing-right-large:1.92%;--awb-margin-bottom-large:0px;--awb-spacing-left-large:1.92%;--awb-width-medium:100%;--awb-order-medium:0;--awb-spacing-right-medium:1.92%;--awb-spacing-left-medium:1.92%;--awb-width-small:100%;--awb-order-small:0;--awb-spacing-right-small:1.92%;--awb-spacing-left-small:1.92%;\"><div class=\"fusion-column-wrapper fusion-column-has-shadow fusion-flex-justify-content-flex-start fusion-content-layout-column\"><div class=\"fusion-title title fusion-title-4 fusion-sep-none fusion-title-text fusion-title-size-three\" style=\"--awb-margin-top:20px;--awb-margin-top-small:0px;--awb-margin-right-small:0px;--awb-margin-bottom-small:20px;--awb-margin-left-small:0px;\"><h3 class=\"fusion-title-heading title-heading-left fusion-responsive-typography-calculated\" style=\"margin:0;--fontSize:22;--minFontSize:22;line-height:1.82;\">INFORMATION ABOUT THE DOCTOR<\/h3><\/div><div class=\"accordian fusion-accordian\" style=\"--awb-border-size:1px;--awb-icon-size:20px;--awb-content-font-size:17px;--awb-icon-alignment:left;--awb-hover-color:#f9f9f9;--awb-border-color:#cccccc;--awb-background-color:#ffffff;--awb-divider-color:#e0dede;--awb-divider-hover-color:#e0dede;--awb-icon-color:#264256;--awb-title-color:#2b2b2b;--awb-content-color:#7e8890;--awb-icon-box-color:#ffffff;--awb-toggle-hover-accent-color:#65d19d;--awb-title-font-family:&quot;Source Sans Pro&quot;;--awb-title-font-weight:300;--awb-title-font-style:normal;--awb-title-font-size:18px;--awb-content-font-family:&quot;Source Sans Pro&quot;;--awb-content-font-style:normal;--awb-content-font-weight:300;\"><div class=\"panel-group fusion-toggle-icon-unboxed\" id=\"accordion-21357-1\"><div class=\"fusion-panel panel-default panel-538b2ebda6cf22768 fusion-toggle-has-divider\" style=\"--awb-title-color:#2b2b2b;--awb-content-color:#7e8890;\"><div class=\"panel-heading\"><h4 class=\"panel-title toggle\" id=\"toggle_538b2ebda6cf22768\"><a aria-expanded=\"false\" aria-controls=\"538b2ebda6cf22768\" role=\"button\" data-toggle=\"collapse\" data-parent=\"#accordion-21357-1\" data-target=\"#538b2ebda6cf22768\" href=\"#538b2ebda6cf22768\"><span class=\"fusion-toggle-icon-wrapper\" aria-hidden=\"true\"><i class=\"fa-fusion-box active-icon awb-icon-minus\" aria-hidden=\"true\"><\/i><i class=\"fa-fusion-box inactive-icon awb-icon-plus\" aria-hidden=\"true\"><\/i><\/span><span class=\"fusion-toggle-heading\">Education<\/span><\/a><\/h4><\/div><div id=\"538b2ebda6cf22768\" class=\"panel-collapse collapse\" aria-labelledby=\"toggle_538b2ebda6cf22768\"><div class=\"panel-body toggle-content fusion-clearfix\">\n<p>2007 - 2013 Lithuanian University of Health Sciences, medical master's degree<br \/>\nin 2014 University of medicine and pharmacy of Targu Mures, Targu Mures (Romania)<br \/>\nFrom 2019 Lithuanian University of Health Sciences, professional rheumatologist<br \/>\nqualification<\/p>\n<\/div><\/div><\/div><div class=\"fusion-panel panel-default panel-74a0698738b4a2cbb fusion-toggle-has-divider\" style=\"--awb-title-color:#2b2b2b;--awb-content-color:#7e8890;\"><div class=\"panel-heading\"><h4 class=\"panel-title toggle\" id=\"toggle_74a0698738b4a2cbb\"><a aria-expanded=\"false\" aria-controls=\"74a0698738b4a2cbb\" role=\"button\" data-toggle=\"collapse\" data-parent=\"#accordion-21357-1\" data-target=\"#74a0698738b4a2cbb\" href=\"#74a0698738b4a2cbb\"><span class=\"fusion-toggle-icon-wrapper\" aria-hidden=\"true\"><i class=\"fa-fusion-box active-icon awb-icon-minus\" aria-hidden=\"true\"><\/i><i class=\"fa-fusion-box inactive-icon awb-icon-plus\" aria-hidden=\"true\"><\/i><\/span><span class=\"fusion-toggle-heading\">Professional experience<\/span><\/a><\/h4><\/div><div id=\"74a0698738b4a2cbb\" class=\"panel-collapse collapse\" aria-labelledby=\"toggle_74a0698738b4a2cbb\"><div class=\"panel-body toggle-content fusion-clearfix\">\n<p>2012 - 2013 Kaunas Clinical Hospital, internship<br \/>\n2013 - 2019 Lithuanian University of Health Sciences Hospital, Kaunas Clinics, Rheumatology<br \/>\nclinic, resident doctor<br \/>\n2015 - 2016 Kai\u0161iadori Hospital, Department of Emergency and Internal Medicine, medical doctor<br \/>\nFrom 2019 Rheumatologist at Kaunas \"Kardiolitas\" clinic<\/p>\n<\/div><\/div><\/div><div class=\"fusion-panel panel-default panel-a0821bcc5d2b873d5 fusion-toggle-has-divider\" style=\"--awb-title-color:#2b2b2b;--awb-content-color:#7e8890;\"><div class=\"panel-heading\"><h4 class=\"panel-title toggle\" id=\"toggle_a0821bcc5d2b873d5\"><a aria-expanded=\"false\" aria-controls=\"a0821bcc5d2b873d5\" role=\"button\" data-toggle=\"collapse\" data-parent=\"#accordion-21357-1\" data-target=\"#a0821bcc5d2b873d5\" href=\"#a0821bcc5d2b873d5\"><span class=\"fusion-toggle-icon-wrapper\" aria-hidden=\"true\"><i class=\"fa-fusion-box active-icon awb-icon-minus\" aria-hidden=\"true\"><\/i><i class=\"fa-fusion-box inactive-icon awb-icon-plus\" aria-hidden=\"true\"><\/i><\/span><span class=\"fusion-toggle-heading\">Scientific activity<\/span><\/a><\/h4><\/div><div id=\"a0821bcc5d2b873d5\" class=\"panel-collapse collapse\" aria-labelledby=\"toggle_a0821bcc5d2b873d5\"><div class=\"panel-body toggle-content fusion-clearfix\">\n<p>in 2019 Report at the conference of the Lithuanian Association of Rheumatologists, \"Joints and spine<br \/>\ninfection: experience, diagnosis, treatment\", K\u0117dainiai (Lithuania)<\/p>\n<\/div><\/div><\/div><div class=\"fusion-panel panel-default panel-ebdaa00bf2b5b90df fusion-toggle-has-divider\" style=\"--awb-title-color:#2b2b2b;--awb-content-color:#7e8890;\"><div class=\"panel-heading\"><h4 class=\"panel-title toggle\" id=\"toggle_ebdaa00bf2b5b90df\"><a aria-expanded=\"false\" aria-controls=\"ebdaa00bf2b5b90df\" role=\"button\" data-toggle=\"collapse\" data-parent=\"#accordion-21357-1\" data-target=\"#ebdaa00bf2b5b90df\" href=\"#ebdaa00bf2b5b90df\"><span class=\"fusion-toggle-icon-wrapper\" aria-hidden=\"true\"><i class=\"fa-fusion-box active-icon awb-icon-minus\" aria-hidden=\"true\"><\/i><i class=\"fa-fusion-box inactive-icon awb-icon-plus\" aria-hidden=\"true\"><\/i><\/span><span class=\"fusion-toggle-heading\">Professional development, internships<\/span><\/a><\/h4><\/div><div id=\"ebdaa00bf2b5b90df\" class=\"panel-collapse collapse\" aria-labelledby=\"toggle_ebdaa00bf2b5b90df\"><div class=\"panel-body toggle-content fusion-clearfix\">\n<p>in 2008 HIVAIDS prevention program, Obori\u0161t\u0117 (Czech Republic)<br \/>\n2010 m. CROSSROADS \u2013 Broaden horizons through your (dis)abilities, Lu\u010dany nad Nisou<br \/>\n(Czech Republic)<br \/>\n2015 m. Save Clima, Xanten (Germany)<br \/>\n2014 m. International Congress of Rheumatology, Bucharest (Romania)<br \/>\nin 2014 \"Current affairs of autoimmune and oncological diseases\", Vilnius (Lithuania)<br \/>\nin 2016 7th Inflammation Forum, INFORM, Berlin (Germany)<br \/>\n2016 m. EULAR on-line course on Rheumatic diseases<br \/>\n2017 m. Baltic Rheumatology conference 2017, Vilnius (Lithuania)<\/p>\n<\/div><\/div><\/div><div class=\"fusion-panel panel-default panel-292d004eea022c79f fusion-toggle-has-divider\" style=\"--awb-title-color:#2b2b2b;--awb-content-color:#7e8890;\"><div class=\"panel-heading\"><h4 class=\"panel-title toggle\" id=\"toggle_292d004eea022c79f\"><a aria-expanded=\"false\" aria-controls=\"292d004eea022c79f\" role=\"button\" data-toggle=\"collapse\" data-parent=\"#accordion-21357-1\" data-target=\"#292d004eea022c79f\" href=\"#292d004eea022c79f\"><span class=\"fusion-toggle-icon-wrapper\" aria-hidden=\"true\"><i class=\"fa-fusion-box active-icon awb-icon-minus\" aria-hidden=\"true\"><\/i><i class=\"fa-fusion-box inactive-icon awb-icon-plus\" aria-hidden=\"true\"><\/i><\/span><span class=\"fusion-toggle-heading\">Membership<\/span><\/a><\/h4><\/div><div id=\"292d004eea022c79f\" class=\"panel-collapse collapse\" aria-labelledby=\"toggle_292d004eea022c79f\"><div class=\"panel-body toggle-content fusion-clearfix\">\n<p>2005 - 2015 Youth member of the Lithuanian Red Cross<br \/>\nSince 2013 membership in the Lithuanian Association of Rheumatologists<\/p>\n<\/div><\/div><\/div><\/div><\/div><\/div><\/div><\/div><\/div><\/p>","protected":false},"excerpt":{"rendered":"","protected":false},"author":13,"featured_media":0,"parent":11,"menu_order":0,"comment_status":"closed","ping_status":"closed","template":"100-width.php","meta":{"_acf_changed":false,"footnotes":""},"class_list":["post-21357","page","type-page","status-publish","hentry"],"acf":[],"yoast_head":"<!-- This site is optimized with the Yoast SEO plugin v27.6 - https:\/\/yoast.com\/product\/yoast-seo-wordpress\/ -->\n<title>Kristina Cirulien\u0117 reumataolog\u0117 | clinicagatas.com<\/title>\n<meta name=\"description\" content=\"Susipa\u017einkite su m\u016bs\u0173 klinikos specialiste - reumataologe Kristina Ciruliene \u2714 Registruokit\u0117s konsultacijai jau dabar!\" \/>\n<meta name=\"robots\" content=\"index, follow, max-snippet:-1, max-image-preview:large, max-video-preview:-1\" \/>\n<link rel=\"canonical\" href=\"https:\/\/clinicagatas.com\/en\/specialistai\/kristina-ciruliene\/\" \/>\n<meta property=\"og:locale\" content=\"en_GB\" \/>\n<meta property=\"og:type\" content=\"article\" \/>\n<meta property=\"og:title\" content=\"Kristina Cirulien\u0117 reumataolog\u0117 | clinicagatas.com\" \/>\n<meta property=\"og:description\" content=\"Susipa\u017einkite su m\u016bs\u0173 klinikos specialiste - reumataologe Kristina Ciruliene \u2714 Registruokit\u0117s konsultacijai jau dabar!\" \/>\n<meta property=\"og:url\" content=\"https:\/\/clinicagatas.com\/en\/specialistai\/kristina-ciruliene\/\" \/>\n<meta property=\"og:site_name\" content=\"clinicagatas.com\" \/>\n<meta property=\"article:publisher\" content=\"https:\/\/www.facebook.com\/clinicagatas\" \/>\n<meta property=\"article:modified_time\" content=\"2026-02-24T14:22:21+00:00\" \/>\n<meta property=\"og:image\" content=\"https:\/\/clinicagatas.com\/wp-content\/uploads\/2021\/12\/social-cover.jpg\" \/>\n\t<meta property=\"og:image:width\" content=\"1200\" \/>\n\t<meta property=\"og:image:height\" content=\"627\" \/>\n\t<meta property=\"og:image:type\" content=\"image\/jpeg\" \/>\n<meta name=\"twitter:card\" content=\"summary_large_image\" \/>\n<meta name=\"twitter:label1\" content=\"Estimated reading time\" \/>\n\t<meta name=\"twitter:data1\" content=\"13 minutes\" \/>\n<script type=\"application\/ld+json\" class=\"yoast-schema-graph\">{\"@context\":\"https:\\\/\\\/schema.org\",\"@graph\":[{\"@type\":\"WebPage\",\"@id\":\"https:\\\/\\\/clinicagatas.com\\\/specialistai\\\/kristina-ciruliene\\\/\",\"url\":\"https:\\\/\\\/clinicagatas.com\\\/specialistai\\\/kristina-ciruliene\\\/\",\"name\":\"Kristina Cirulien\u0117 reumataolog\u0117 | clinicagatas.com\",\"isPartOf\":{\"@id\":\"https:\\\/\\\/clinicagatas.com\\\/#website\"},\"datePublished\":\"2023-08-16T14:02:44+00:00\",\"dateModified\":\"2026-02-24T14:22:21+00:00\",\"description\":\"Susipa\u017einkite su m\u016bs\u0173 klinikos specialiste - reumataologe Kristina Ciruliene \u2714 Registruokit\u0117s konsultacijai jau dabar!\",\"breadcrumb\":{\"@id\":\"https:\\\/\\\/clinicagatas.com\\\/specialistai\\\/kristina-ciruliene\\\/#breadcrumb\"},\"inLanguage\":\"en-GB\",\"potentialAction\":[{\"@type\":\"ReadAction\",\"target\":[\"https:\\\/\\\/clinicagatas.com\\\/specialistai\\\/kristina-ciruliene\\\/\"]}]},{\"@type\":\"BreadcrumbList\",\"@id\":\"https:\\\/\\\/clinicagatas.com\\\/specialistai\\\/kristina-ciruliene\\\/#breadcrumb\",\"itemListElement\":[{\"@type\":\"ListItem\",\"position\":1,\"name\":\"Home\",\"item\":\"https:\\\/\\\/clinicagatas.com\\\/\"},{\"@type\":\"ListItem\",\"position\":2,\"name\":\"Gydytojai specialistai\",\"item\":\"https:\\\/\\\/clinicagatas.com\\\/specialistai\\\/\"},{\"@type\":\"ListItem\",\"position\":3,\"name\":\"Kristina Cirulien\u0117 reumataolog\u0117\"}]},{\"@type\":\"WebSite\",\"@id\":\"https:\\\/\\\/clinicagatas.com\\\/#website\",\"url\":\"https:\\\/\\\/clinicagatas.com\\\/\",\"name\":\"clinicagatas.com\",\"description\":\"Skausmo gydymas ir stuburo chirurgija\",\"publisher\":{\"@id\":\"https:\\\/\\\/clinicagatas.com\\\/#organization\"},\"potentialAction\":[{\"@type\":\"SearchAction\",\"target\":{\"@type\":\"EntryPoint\",\"urlTemplate\":\"https:\\\/\\\/clinicagatas.com\\\/?s={search_term_string}\"},\"query-input\":{\"@type\":\"PropertyValueSpecification\",\"valueRequired\":true,\"valueName\":\"search_term_string\"}}],\"inLanguage\":\"en-GB\"},{\"@type\":\"Organization\",\"@id\":\"https:\\\/\\\/clinicagatas.com\\\/#organization\",\"name\":\"Clinic AGATAS\",\"url\":\"https:\\\/\\\/clinicagatas.com\\\/\",\"logo\":{\"@type\":\"ImageObject\",\"inLanguage\":\"en-GB\",\"@id\":\"https:\\\/\\\/clinicagatas.com\\\/#\\\/schema\\\/logo\\\/image\\\/\",\"url\":\"https:\\\/\\\/clinicagatas.com\\\/wp-content\\\/uploads\\\/2024\\\/11\\\/logo-symbol.png\",\"contentUrl\":\"https:\\\/\\\/clinicagatas.com\\\/wp-content\\\/uploads\\\/2024\\\/11\\\/logo-symbol.png\",\"width\":368,\"height\":368,\"caption\":\"Clinic AGATAS\"},\"image\":{\"@id\":\"https:\\\/\\\/clinicagatas.com\\\/#\\\/schema\\\/logo\\\/image\\\/\"},\"sameAs\":[\"https:\\\/\\\/www.facebook.com\\\/clinicagatas\",\"https:\\\/\\\/www.instagram.com\\\/clinicagatas\\\/\",\"https:\\\/\\\/www.linkedin.com\\\/company\\\/clinic-agatas\\\/\"]}]}<\/script>\n<!-- \/ Yoast SEO plugin. -->","yoast_head_json":{"title":"Kristina Cirulien\u0117 reumataolog\u0117 | clinicagatas.com","description":"Susipa\u017einkite su m\u016bs\u0173 klinikos specialiste - reumataologe Kristina Ciruliene \u2714 Registruokit\u0117s konsultacijai jau dabar!","robots":{"index":"index","follow":"follow","max-snippet":"max-snippet:-1","max-image-preview":"max-image-preview:large","max-video-preview":"max-video-preview:-1"},"canonical":"https:\/\/clinicagatas.com\/en\/specialistai\/kristina-ciruliene\/","og_locale":"en_GB","og_type":"article","og_title":"Kristina Cirulien\u0117 reumataolog\u0117 | clinicagatas.com","og_description":"Susipa\u017einkite su m\u016bs\u0173 klinikos specialiste - reumataologe Kristina Ciruliene \u2714 Registruokit\u0117s konsultacijai jau dabar!","og_url":"https:\/\/clinicagatas.com\/en\/specialistai\/kristina-ciruliene\/","og_site_name":"clinicagatas.com","article_publisher":"https:\/\/www.facebook.com\/clinicagatas","article_modified_time":"2026-02-24T14:22:21+00:00","og_image":[{"width":1200,"height":627,"url":"https:\/\/clinicagatas.com\/wp-content\/uploads\/2021\/12\/social-cover.jpg","type":"image\/jpeg"}],"twitter_card":"summary_large_image","twitter_misc":{"Estimated reading time":"13 minutes"},"schema":{"@context":"https:\/\/schema.org","@graph":[{"@type":"WebPage","@id":"https:\/\/clinicagatas.com\/specialistai\/kristina-ciruliene\/","url":"https:\/\/clinicagatas.com\/specialistai\/kristina-ciruliene\/","name":"Kristina Cirulien\u0117 reumataolog\u0117 | clinicagatas.com","isPartOf":{"@id":"https:\/\/clinicagatas.com\/#website"},"datePublished":"2023-08-16T14:02:44+00:00","dateModified":"2026-02-24T14:22:21+00:00","description":"Susipa\u017einkite su m\u016bs\u0173 klinikos specialiste - reumataologe Kristina Ciruliene \u2714 Registruokit\u0117s konsultacijai jau dabar!","breadcrumb":{"@id":"https:\/\/clinicagatas.com\/specialistai\/kristina-ciruliene\/#breadcrumb"},"inLanguage":"en-GB","potentialAction":[{"@type":"ReadAction","target":["https:\/\/clinicagatas.com\/specialistai\/kristina-ciruliene\/"]}]},{"@type":"BreadcrumbList","@id":"https:\/\/clinicagatas.com\/specialistai\/kristina-ciruliene\/#breadcrumb","itemListElement":[{"@type":"ListItem","position":1,"name":"Home","item":"https:\/\/clinicagatas.com\/"},{"@type":"ListItem","position":2,"name":"Gydytojai specialistai","item":"https:\/\/clinicagatas.com\/specialistai\/"},{"@type":"ListItem","position":3,"name":"Kristina Cirulien\u0117 reumataolog\u0117"}]},{"@type":"WebSite","@id":"https:\/\/clinicagatas.com\/#website","url":"https:\/\/clinicagatas.com\/","name":"clinicagatas.com","description":"Pain treatment and spinal surgery","publisher":{"@id":"https:\/\/clinicagatas.com\/#organization"},"potentialAction":[{"@type":"SearchAction","target":{"@type":"EntryPoint","urlTemplate":"https:\/\/clinicagatas.com\/?s={search_term_string}"},"query-input":{"@type":"PropertyValueSpecification","valueRequired":true,"valueName":"search_term_string"}}],"inLanguage":"en-GB"},{"@type":"Organization","@id":"https:\/\/clinicagatas.com\/#organization","name":"Clinic AGATAS","url":"https:\/\/clinicagatas.com\/","logo":{"@type":"ImageObject","inLanguage":"en-GB","@id":"https:\/\/clinicagatas.com\/#\/schema\/logo\/image\/","url":"https:\/\/clinicagatas.com\/wp-content\/uploads\/2024\/11\/logo-symbol.png","contentUrl":"https:\/\/clinicagatas.com\/wp-content\/uploads\/2024\/11\/logo-symbol.png","width":368,"height":368,"caption":"Clinic AGATAS"},"image":{"@id":"https:\/\/clinicagatas.com\/#\/schema\/logo\/image\/"},"sameAs":["https:\/\/www.facebook.com\/clinicagatas","https:\/\/www.instagram.com\/clinicagatas\/","https:\/\/www.linkedin.com\/company\/clinic-agatas\/"]}]}},"_links":{"self":[{"href":"https:\/\/clinicagatas.com\/en\/wp-json\/wp\/v2\/pages\/21357","targetHints":{"allow":["GET"]}}],"collection":[{"href":"https:\/\/clinicagatas.com\/en\/wp-json\/wp\/v2\/pages"}],"about":[{"href":"https:\/\/clinicagatas.com\/en\/wp-json\/wp\/v2\/types\/page"}],"author":[{"embeddable":true,"href":"https:\/\/clinicagatas.com\/en\/wp-json\/wp\/v2\/users\/13"}],"replies":[{"embeddable":true,"href":"https:\/\/clinicagatas.com\/en\/wp-json\/wp\/v2\/comments?post=21357"}],"version-history":[{"count":8,"href":"https:\/\/clinicagatas.com\/en\/wp-json\/wp\/v2\/pages\/21357\/revisions"}],"predecessor-version":[{"id":23067,"href":"https:\/\/clinicagatas.com\/en\/wp-json\/wp\/v2\/pages\/21357\/revisions\/23067"}],"up":[{"embeddable":true,"href":"https:\/\/clinicagatas.com\/en\/wp-json\/wp\/v2\/pages\/11"}],"wp:attachment":[{"href":"https:\/\/clinicagatas.com\/en\/wp-json\/wp\/v2\/media?parent=21357"}],"curies":[{"name":"wp","href":"https:\/\/api.w.org\/{rel}","templated":true}]}}